{"id":2595,"date":"2024-03-28T21:52:37","date_gmt":"2024-03-28T13:52:37","guid":{"rendered":"https:\/\/www.okval.com\/?post_type=product&#038;p=2595"},"modified":"2024-04-03T14:45:43","modified_gmt":"2024-04-03T06:45:43","slug":"schachtabdeckung","status":"publish","type":"product","link":"https:\/\/www.okval.com\/de\/schachtabdeckung-html","title":{"rendered":"Schachtabdeckung"},"content":{"rendered":"<p>BESCHREIBUNG<br \/>\nKreisf\u00f6rmiges Ger\u00e4t aus duktilem Stahl.<br \/>\nEntspricht der Klasse D.400 der Norm UNI AT 124.<br \/>\nPr\u00fcfkraft 400 KN. 5 mm dicker Flachstahlring. Verst\u00e4rkung aus Rundstahlst\u00e4ben von 0,12 mm.<\/p>\n<p>INSTALLATIONSBEREICH<br \/>\nEmpfohlen wird die Installation des NCH2080 auf PKW-Parkpl\u00e4tzen, Gehwegen und befahrenen Einfahrten im Stadtbereich. Dar\u00fcber hinaus Fu\u00dfg\u00e4ngerzonen und \u00e4hnliche Bereiche.<\/p>\n<p>BESCHICHTUNG<br \/>\nDie Korrosionsschutzbeschichtung.<\/p>","protected":false},"excerpt":{"rendered":"<p>Ein Schachtdeckel oder Wartungsschachtdeckel ist eine abnehmbare Platte, die die \u00d6ffnung eines Schachts abdeckt. Diese \u00d6ffnung ist gro\u00df genug, damit eine Person hindurchpasst und dient als Zugang zu einem unterirdischen Gew\u00f6lbe oder Rohr. Sie soll verhindern, dass Personen oder Gegenst\u00e4nde hineinfallen, und Unbefugte und Material fernhalten.<\/p>","protected":false},"featured_media":2642,"template":"","meta":[],"product_brand":[],"product_cat":[161],"product_tag":[230],"class_list":{"0":"post-2595","1":"product","2":"type-product","3":"status-publish","4":"has-post-thumbnail","6":"product_cat-manhole-cover","7":"product_tag-manhole-cover","9":"first","10":"instock","11":"featured","12":"shipping-taxable","13":"product-type-simple"},"aioseo_notices":[],"_links":{"self":[{"href":"https:\/\/www.okval.com\/de\/wp-json\/wp\/v2\/product\/2595","targetHints":{"allow":["GET"]}}],"collection":[{"href":"https:\/\/www.okval.com\/de\/wp-json\/wp\/v2\/product"}],"about":[{"href":"https:\/\/www.okval.com\/de\/wp-json\/wp\/v2\/types\/product"}],"wp:featuredmedia":[{"embeddable":true,"href":"https:\/\/www.okval.com\/de\/wp-json\/wp\/v2\/media\/2642"}],"wp:attachment":[{"href":"https:\/\/www.okval.com\/de\/wp-json\/wp\/v2\/media?parent=2595"}],"wp:term":[{"taxonomy":"product_brand","embeddable":true,"href":"https:\/\/www.okval.com\/de\/wp-json\/wp\/v2\/product_brand?post=2595"},{"taxonomy":"product_cat","embeddable":true,"href":"https:\/\/www.okval.com\/de\/wp-json\/wp\/v2\/product_cat?post=2595"},{"taxonomy":"product_tag","embeddable":true,"href":"https:\/\/www.okval.com\/de\/wp-json\/wp\/v2\/product_tag?post=2595"}],"curies":[{"name":"wp","href":"https:\/\/api.w.org\/{rel}","templated":true}]}}