{"id":2592,"date":"2024-03-28T21:40:38","date_gmt":"2024-03-28T13:40:38","guid":{"rendered":"https:\/\/www.okval.com\/?post_type=product&#038;p=2592"},"modified":"2024-04-03T14:45:46","modified_gmt":"2024-04-03T06:45:46","slug":"stromungsstabilisator","status":"publish","type":"product","link":"https:\/\/www.okval.com\/de\/durchflussstabilisator-html","title":{"rendered":"Durchflussstabilisator"},"content":{"rendered":"","protected":false},"excerpt":{"rendered":"<p>Str\u00f6mungsstabilisatoren werden verwendet, um Wasserturbulenzen auszugleichen, die dadurch entstehen, dass die Wasserpumpe das Wasser durch Rohre und andere Komponenten wie B\u00f6gen und T-St\u00fccke usw. dr\u00fcckt.<\/p>","protected":false},"featured_media":2618,"template":"","meta":[],"product_brand":[],"product_cat":[159,188],"product_tag":[226],"class_list":{"0":"post-2592","1":"product","2":"type-product","3":"status-publish","4":"has-post-thumbnail","6":"product_cat-valves","7":"product_cat-flow-stabilizer","8":"product_tag-flow-stabilizer","10":"first","11":"instock","12":"featured","13":"shipping-taxable","14":"product-type-simple"},"aioseo_notices":[],"_links":{"self":[{"href":"https:\/\/www.okval.com\/de\/wp-json\/wp\/v2\/product\/2592","targetHints":{"allow":["GET"]}}],"collection":[{"href":"https:\/\/www.okval.com\/de\/wp-json\/wp\/v2\/product"}],"about":[{"href":"https:\/\/www.okval.com\/de\/wp-json\/wp\/v2\/types\/product"}],"wp:featuredmedia":[{"embeddable":true,"href":"https:\/\/www.okval.com\/de\/wp-json\/wp\/v2\/media\/2618"}],"wp:attachment":[{"href":"https:\/\/www.okval.com\/de\/wp-json\/wp\/v2\/media?parent=2592"}],"wp:term":[{"taxonomy":"product_brand","embeddable":true,"href":"https:\/\/www.okval.com\/de\/wp-json\/wp\/v2\/product_brand?post=2592"},{"taxonomy":"product_cat","embeddable":true,"href":"https:\/\/www.okval.com\/de\/wp-json\/wp\/v2\/product_cat?post=2592"},{"taxonomy":"product_tag","embeddable":true,"href":"https:\/\/www.okval.com\/de\/wp-json\/wp\/v2\/product_tag?post=2592"}],"curies":[{"name":"wp","href":"https:\/\/api.w.org\/{rel}","templated":true}]}}