{"id":2591,"date":"2024-03-28T21:29:49","date_gmt":"2024-03-28T13:29:49","guid":{"rendered":"https:\/\/www.okval.com\/?post_type=product&#038;p=2591"},"modified":"2024-06-19T14:37:33","modified_gmt":"2024-06-19T06:37:33","slug":"fusruckschlagventil","status":"publish","type":"product","link":"https:\/\/www.okval.com\/de\/fusventil-html","title":{"rendered":"Fu\u00dfventil"},"content":{"rendered":"<p>&nbsp;<\/p>\n<p>Fu\u00dfventil OKVAL<br \/>\nFu\u00dfr\u00fcckschlagventil<br \/>\nPumpenzubeh\u00f6r<br \/>\nDruckstufe: PN16 \/ PN10<br \/>\nArbeitsmedium: Wasser<br \/>\nBetriebstemperatur: -20 \u00b0C bis 80 \u00b0C f\u00fcr EPDM<br \/>\nEdelstahlsieb<br \/>\nFlansch gem\u00e4\u00df BS 4504 \/ BS EN1092<\/p>\n<p>V\u00e1lvula de retenci\u00f3n pie<br \/>\n#Bombas<br \/>\nDisco en hierro ductil GJS 500-7.<br \/>\nKragen in Latein f\u00fcr BS2874 CA104.<br \/>\nAus Edelstahl BS970 gefertigt.<br \/>\nSello en EPDM EN 681-1.<br \/>\nFilter aus rostfreiem Edelstahl SS431.<\/p>\n<p>CLAPET DE PIED CR\u00c9PINE<\/p>\n<p>PN10-Anschluss, perforiert, f\u00fcr Leitungsanschluss<br \/>\nGro\u00dfer Durchmesser der Filterperforation<br \/>\nDer Zulassungswiderstand kann durch eine Konfiguration beg\u00fcnstigt werden<br \/>\nFonte Moul\u00e9e\/Kautschuk zur gemeinsamen Suppe<br \/>\nBrides selon EN 1092-2<br \/>\nGeh\u00e4use EN GJL-250 aus Epoxidharz (Sauf DN 500: EN-GJS-400).<br \/>\nRessort en acier inoxydable.<br \/>\nCr\u00e9pine en acier galvanis\u00e9.<img decoding=\"async\" class=\"alignnone size-full wp-image-2880\" src=\"https:\/\/www.okval.com\/wp-content\/uploads\/2024\/03\/FOOT-VALVE-S1-1.jpg\" alt=\"Fu\u00dfventil OKVAL Fu\u00dfr\u00fcckschlagventil Pumpenzubeh\u00f6r Druckstufe: PN16 \/ PN10 Arbeitsmedium: Wasser Arbeitstemperatur: -20\u02daC...80\u02daC f\u00fcr EPDM-Edelstahlsieb Mit Flansch nach BS 4504 \/ BS EN1092 R\u00fcckhalteventil #Bombas Disco en hierro duktil GJS 500-7. Kragen in Latein f\u00fcr BS2874 CA104. Aus Edelstahl BS970 gefertigt. Verkauf in EPDM EN 681-1. Filter aus rostfreiem Edelstahl SS431. CRAPET DE PIED CR\u00c9PINE Schlauch f\u00fcr Braut PN10 perforiert, f\u00fcr Schlauchleitung Gro\u00dfer Durchmesser der Perforation des Filters M\u00f6glicher Eintrittswiderstand dank einer Konfiguration, die die Feder aus Gusseisen\/Kautschuk f\u00fcr die Verbindung mit Brautpaar EN 1092-2 eignet. Federk\u00f6rper EN GJL-250 aus Epoxid (Sauf DN 500: EN-GJS-400). Ressort aus rostfreiem Edelstahl. Krepp und verzinkter Stahl.\" \/><\/p>\n<p>&nbsp;<\/p>","protected":false},"excerpt":{"rendered":"<p>Fu\u00dfventile werden am Ende einer Saugleitung von einer externen Wasserquelle verwendet, um die Pumpe mit dem eingebauten R\u00fcckschlagventil jederzeit betriebsbereit zu halten und mithilfe eines Siebs oder Filters zu verhindern, dass unerw\u00fcnschter Schlamm, Schmutz, Bl\u00e4tter oder Biomasse durch die Leitung in die Pumpe gelangt.<\/p>","protected":false},"featured_media":2879,"template":"","meta":[],"product_brand":[],"product_cat":[159,187],"product_tag":[269],"class_list":{"0":"post-2591","1":"product","2":"type-product","3":"status-publish","4":"has-post-thumbnail","6":"product_cat-valves","7":"product_cat-foot-valve","8":"product_tag-foot-valvefoot-check-valvepump-accessoriesvalvula-de-retencion-pie","10":"first","11":"instock","12":"shipping-taxable","13":"product-type-simple"},"aioseo_notices":[],"_links":{"self":[{"href":"https:\/\/www.okval.com\/de\/wp-json\/wp\/v2\/product\/2591","targetHints":{"allow":["GET"]}}],"collection":[{"href":"https:\/\/www.okval.com\/de\/wp-json\/wp\/v2\/product"}],"about":[{"href":"https:\/\/www.okval.com\/de\/wp-json\/wp\/v2\/types\/product"}],"wp:featuredmedia":[{"embeddable":true,"href":"https:\/\/www.okval.com\/de\/wp-json\/wp\/v2\/media\/2879"}],"wp:attachment":[{"href":"https:\/\/www.okval.com\/de\/wp-json\/wp\/v2\/media?parent=2591"}],"wp:term":[{"taxonomy":"product_brand","embeddable":true,"href":"https:\/\/www.okval.com\/de\/wp-json\/wp\/v2\/product_brand?post=2591"},{"taxonomy":"product_cat","embeddable":true,"href":"https:\/\/www.okval.com\/de\/wp-json\/wp\/v2\/product_cat?post=2591"},{"taxonomy":"product_tag","embeddable":true,"href":"https:\/\/www.okval.com\/de\/wp-json\/wp\/v2\/product_tag?post=2591"}],"curies":[{"name":"wp","href":"https:\/\/api.w.org\/{rel}","templated":true}]}}