{"id":2588,"date":"2024-03-28T21:05:16","date_gmt":"2024-03-28T13:05:16","guid":{"rendered":"https:\/\/www.okval.com\/?post_type=product&#038;p=2588"},"modified":"2024-03-31T15:42:19","modified_gmt":"2024-03-31T07:42:19","slug":"regelventil","status":"publish","type":"product","link":"https:\/\/www.okval.com\/de\/steuerventil-html","title":{"rendered":"Steuerventil"},"content":{"rendered":"<p>Ausf\u00fchrung: DN1074, ANSI<\/p>\n<p>Anschluss: Flanschende<\/p>\n<p>Druck: PN10, PN16, PN25, 125LB, 150LB<\/p>\n<p>Gr\u00f6\u00dfe: DN40 \u2013 DN600 (1-1\/2\u201d-24\u201d)<\/p>","protected":false},"excerpt":{"rendered":"<p>Regelventile sind Steuerger\u00e4te, die zur Steuerung und Regelung von Fl\u00fcssigkeitsdurchfluss, Druck, Temperatur oder Fl\u00fcssigkeitsstand durch Variation der Durchfluss\u00f6ffnung dienen. In Prozesssystemen von F\u00f6rderbohrungen, \u00d6l- und Gasanlagen, der chemischen und petrochemischen Industrie, Raffinerien und Kraftwerken werden Regelventile h\u00e4ufig zur Steuerung oder Regelung von Prozessparametern eingesetzt.<\/p>","protected":false},"featured_media":2558,"template":"","meta":[],"product_brand":[],"product_cat":[159,208],"product_tag":[223],"class_list":{"0":"post-2588","1":"product","2":"type-product","3":"status-publish","4":"has-post-thumbnail","6":"product_cat-valves","7":"product_cat-control-valve","8":"product_tag-control-valve","10":"first","11":"instock","12":"shipping-taxable","13":"product-type-simple"},"aioseo_notices":[],"_links":{"self":[{"href":"https:\/\/www.okval.com\/de\/wp-json\/wp\/v2\/product\/2588","targetHints":{"allow":["GET"]}}],"collection":[{"href":"https:\/\/www.okval.com\/de\/wp-json\/wp\/v2\/product"}],"about":[{"href":"https:\/\/www.okval.com\/de\/wp-json\/wp\/v2\/types\/product"}],"wp:featuredmedia":[{"embeddable":true,"href":"https:\/\/www.okval.com\/de\/wp-json\/wp\/v2\/media\/2558"}],"wp:attachment":[{"href":"https:\/\/www.okval.com\/de\/wp-json\/wp\/v2\/media?parent=2588"}],"wp:term":[{"taxonomy":"product_brand","embeddable":true,"href":"https:\/\/www.okval.com\/de\/wp-json\/wp\/v2\/product_brand?post=2588"},{"taxonomy":"product_cat","embeddable":true,"href":"https:\/\/www.okval.com\/de\/wp-json\/wp\/v2\/product_cat?post=2588"},{"taxonomy":"product_tag","embeddable":true,"href":"https:\/\/www.okval.com\/de\/wp-json\/wp\/v2\/product_tag?post=2588"}],"curies":[{"name":"wp","href":"https:\/\/api.w.org\/{rel}","templated":true}]}}