{"id":2587,"date":"2024-03-28T20:57:03","date_gmt":"2024-03-28T12:57:03","guid":{"rendered":"https:\/\/www.okval.com\/?post_type=product&#038;p=2587"},"modified":"2024-03-31T15:41:33","modified_gmt":"2024-03-31T07:41:33","slug":"klappenventil","status":"publish","type":"product","link":"https:\/\/www.okval.com\/de\/klappenventil-html","title":{"rendered":"Klappenventil"},"content":{"rendered":"<p>Flanschnorm: EN1092-2, ANSI B16.1<\/p>\n<p>Anschluss: Flanschanschluss<\/p>\n<p>Dichtung: Gummi\/Metall<\/p>\n<p>Druck: PN10, PN16, 125LB, 150LB<\/p>\n<p>Gr\u00f6\u00dfe: DN40 \u2013 600 (1-1\/2\u201d-24\u201d)<\/p>","protected":false},"excerpt":{"rendered":"<p>Einwegventile, die am offenen Ende einer Rohrleitung oder eines Durchlasses angebracht werden, werden als Klappenventile bezeichnet. Ihre Funktion besteht darin, das stromabw\u00e4rts flie\u00dfende Wasser durch eine Einwegklappe aus der Rohrleitung abzulassen und gleichzeitig zu verhindern, dass steigende Wasserst\u00e4nde au\u00dferhalb der Rohrleitung in die Rohrleitung eindringen und den gesch\u00fctzten Bereich \u00fcberfluten.<\/p>","protected":false},"featured_media":2550,"template":"","meta":[],"product_brand":[],"product_cat":[159,185],"product_tag":[222],"class_list":{"0":"post-2587","1":"product","2":"type-product","3":"status-publish","4":"has-post-thumbnail","6":"product_cat-valves","7":"product_cat-flap-valve","8":"product_tag-flap-valve","10":"first","11":"instock","12":"shipping-taxable","13":"product-type-simple"},"aioseo_notices":[],"_links":{"self":[{"href":"https:\/\/www.okval.com\/de\/wp-json\/wp\/v2\/product\/2587","targetHints":{"allow":["GET"]}}],"collection":[{"href":"https:\/\/www.okval.com\/de\/wp-json\/wp\/v2\/product"}],"about":[{"href":"https:\/\/www.okval.com\/de\/wp-json\/wp\/v2\/types\/product"}],"wp:featuredmedia":[{"embeddable":true,"href":"https:\/\/www.okval.com\/de\/wp-json\/wp\/v2\/media\/2550"}],"wp:attachment":[{"href":"https:\/\/www.okval.com\/de\/wp-json\/wp\/v2\/media?parent=2587"}],"wp:term":[{"taxonomy":"product_brand","embeddable":true,"href":"https:\/\/www.okval.com\/de\/wp-json\/wp\/v2\/product_brand?post=2587"},{"taxonomy":"product_cat","embeddable":true,"href":"https:\/\/www.okval.com\/de\/wp-json\/wp\/v2\/product_cat?post=2587"},{"taxonomy":"product_tag","embeddable":true,"href":"https:\/\/www.okval.com\/de\/wp-json\/wp\/v2\/product_tag?post=2587"}],"curies":[{"name":"wp","href":"https:\/\/api.w.org\/{rel}","templated":true}]}}