{"id":2576,"date":"2024-03-28T20:09:38","date_gmt":"2024-03-28T12:09:38","guid":{"rendered":"https:\/\/www.okval.com\/?post_type=product&#038;p=2576"},"modified":"2024-03-31T15:43:16","modified_gmt":"2024-03-31T07:43:16","slug":"absperrventil","status":"publish","type":"product","link":"https:\/\/www.okval.com\/de\/kugelventil-html","title":{"rendered":"Durchgangsventil"},"content":{"rendered":"<p><strong>Technische Parameter<\/strong><\/p>\n<div class=\"table-responsive\">\n<table class=\"table\" border=\"1\" cellspacing=\"1\" cellpadding=\"1\">\n<tbody>\n<tr>\n<td>ABMESSUNGEN<\/p>\n<div class=\"table-responsive\">\n<table class=\"table\" border=\"1\" cellspacing=\"1\" cellpadding=\"1\">\n<tbody>\n<tr>\n<td class=\"et2\" rowspan=\"2\">DN<\/td>\n<td class=\"et2\">40<\/td>\n<td class=\"et2\">50<\/td>\n<td class=\"et2\">65<\/td>\n<td class=\"et2\">80<\/td>\n<td class=\"et2\">100<\/td>\n<td class=\"et2\">125<\/td>\n<td class=\"et2\">150<\/td>\n<td class=\"et2\">200<\/td>\n<td class=\"et2\">250<\/td>\n<td class=\"et2\">300<\/td>\n<\/tr>\n<tr>\n<td class=\"et2\">1,5\u2033<\/td>\n<td class=\"et2\">2\u2033<\/td>\n<td class=\"et2\">2,5\u2033<\/td>\n<td class=\"et2\">3\u2033<\/td>\n<td class=\"et2\">4\u2033<\/td>\n<td class=\"et2\">5\u2033<\/td>\n<td class=\"et2\">6\u2033<\/td>\n<td class=\"et2\">8\u2033<\/td>\n<td class=\"et2\">10\u2033<\/td>\n<td class=\"et2\">12\u2033<\/td>\n<\/tr>\n<tr>\n<td class=\"et2\">L<\/td>\n<td class=\"et2\">190<\/td>\n<td class=\"et2\">203<\/td>\n<td class=\"et2\">216<\/td>\n<td class=\"et2\">241<\/td>\n<td class=\"et2\">292<\/td>\n<td class=\"et2\">360<\/td>\n<td class=\"et2\">410<\/td>\n<td class=\"et2\">495<\/td>\n<td class=\"et2\">620<\/td>\n<td class=\"et2\">700<\/td>\n<\/tr>\n<tr>\n<td class=\"et2\">H<\/td>\n<td class=\"et2\">260<\/td>\n<td class=\"et2\">277<\/td>\n<td class=\"et2\">307<\/td>\n<td class=\"et2\">353<\/td>\n<td class=\"et2\">404<\/td>\n<td class=\"et2\">454<\/td>\n<td class=\"et2\">533<\/td>\n<td class=\"et2\">642<\/td>\n<td class=\"et2\">665<\/td>\n<td class=\"et2\">755<\/td>\n<\/tr>\n<tr>\n<td class=\"et2\">D (PN10)<\/td>\n<td class=\"et2\">150<\/td>\n<td class=\"et2\">165<\/td>\n<td class=\"et2\">185<\/td>\n<td class=\"et2\">200<\/td>\n<td class=\"et2\">220<\/td>\n<td class=\"et2\">250<\/td>\n<td class=\"et2\">285<\/td>\n<td class=\"et2\">340<\/td>\n<td class=\"et2\">395<\/td>\n<td class=\"et2\">445<\/td>\n<\/tr>\n<tr>\n<td class=\"et2\">D (PN16)<\/td>\n<td class=\"et2\">150<\/td>\n<td class=\"et2\">165<\/td>\n<td class=\"et2\">185<\/td>\n<td class=\"et2\">200<\/td>\n<td class=\"et2\">220<\/td>\n<td class=\"et2\">250<\/td>\n<td class=\"et2\">285<\/td>\n<td class=\"et2\">340<\/td>\n<td class=\"et2\">405<\/td>\n<td class=\"et2\">460<\/td>\n<\/tr>\n<\/tbody>\n<\/table>\n<\/div>\n<\/td>\n<td><img decoding=\"async\" title=\"Absperrventil\" src=\"https:\/\/www.ametekiron.com\/Content\/uploads\/2023677727\/202310201620130288e823d11048e08bae54c8a7c615c9.png?size=350x0\" alt=\"Absperrventil\" width=\"350\" height=\"393\" \/><\/td>\n<\/tr>\n<\/tbody>\n<\/table>\n<p><strong>PR\u00dcFEN<\/strong><\/p>\n<div class=\"table-responsive\">\n<table class=\"table\" border=\"1\" cellspacing=\"1\" cellpadding=\"1\">\n<tbody>\n<tr>\n<td>Arbeitsdruck<\/td>\n<td>PN10 \/ PN16<\/td>\n<\/tr>\n<tr>\n<td>Pr\u00fcfdruckschale<\/td>\n<td>21,1 kgf\/cm\u00b2 24 kgf\/cm\u00b2<\/td>\n<\/tr>\n<tr>\n<td>Sitz<\/td>\n<td>15,0 kgf\/cm\u00b2 17,6 kgf\/cm\u00b2<\/td>\n<\/tr>\n<\/tbody>\n<\/table>\n<\/div>\n<p>&nbsp;<\/p>\n<p><strong>KOMPONENTEN<\/strong><\/p>\n<div class=\"table-responsive\">\n<table class=\"table\" border=\"1\" cellspacing=\"1\" cellpadding=\"1\">\n<tbody>\n<tr>\n<td>1<\/td>\n<td>K\u00d6RPER<\/td>\n<td>GUSSEISEN<\/td>\n<\/tr>\n<tr>\n<td>2<\/td>\n<td>MOTORHAUBE<\/td>\n<td>GUSSEISEN<\/td>\n<\/tr>\n<tr>\n<td>3<\/td>\n<td>ST\u00c4NGEL<\/td>\n<td>EDELSTAHL<\/td>\n<\/tr>\n<tr>\n<td>4<\/td>\n<td>SCHEIBE<\/td>\n<td>GUSSEISEN<\/td>\n<\/tr>\n<tr>\n<td>5<\/td>\n<td>SITZRING<\/td>\n<td>Bronzeguss \/ Edelstahl<\/td>\n<\/tr>\n<tr>\n<td>6<\/td>\n<td>DR\u00dcSE<\/td>\n<td>Sph\u00e4roguss<\/td>\n<\/tr>\n<tr>\n<td>7<\/td>\n<td>VERPACKUNG<\/td>\n<td>KEIN ASBEST<\/td>\n<\/tr>\n<tr>\n<td>8<\/td>\n<td>HANDRAD<\/td>\n<td>GUSSEISEN<\/td>\n<\/tr>\n<\/tbody>\n<\/table>\n<p><strong>Produktvorteile<\/strong><\/p>\n<p><strong>Umweltvertr\u00e4glichkeit:<\/strong>\u00a0Erf\u00fcllt Umweltvorschriften und minimiert die Auswirkungen auf \u00d6kosysteme.<\/p>\n<p><strong>Schnelle Antwort:<\/strong>\u00a0Erm\u00f6glicht schnelle Anpassungen, die in Notf\u00e4llen oder bei sich \u00e4ndernden Betriebsbedingungen von entscheidender Bedeutung sind.<\/p>\n<p><strong>Lange Lebensdauer:<\/strong>\u00a0Sorgt f\u00fcr eine l\u00e4ngere Lebensdauer und verringert die H\u00e4ufigkeit des Austauschs.<\/p>\n<p><strong>Minimaler Energieverlust:<\/strong>\u00a0Minimiert Energieverschwendung und tr\u00e4gt so zu Kosteneinsparungen und Nachhaltigkeit bei.<\/p>\n<p><strong>Benutzerfreundliches Design:<\/strong>\u00a0Verf\u00fcgt \u00fcber intuitive Bedienelemente und klare Beschriftungen f\u00fcr einfache Bedienung und Wartung.<\/p>\n<\/div>\n<\/div>","protected":false},"excerpt":{"rendered":"<p>Absperrventile dienen zur Regulierung des Durchflusses einer Fl\u00fcssigkeit und zum Absperren der Fl\u00fcssigkeit (auch wenn f\u00fcr Absperrvorg\u00e4nge stets Kugelh\u00e4hne und Absperrschieber zu bevorzugen sind). Absperrventile sind im Gegensatz zu R\u00fcckschlagventilen bidirektionale Ventile, d. h., die Fl\u00fcssigkeit kann innerhalb des Ventils in beide Richtungen flie\u00dfen.<\/p>\n<p>&nbsp;<\/p>","protected":false},"featured_media":2579,"template":"","meta":[],"product_brand":[],"product_cat":[159,184],"product_tag":[220],"class_list":{"0":"post-2576","1":"product","2":"type-product","3":"status-publish","4":"has-post-thumbnail","6":"product_cat-valves","7":"product_cat-globe-valve","8":"product_tag-globe-valve","10":"first","11":"instock","12":"shipping-taxable","13":"product-type-simple"},"aioseo_notices":[],"_links":{"self":[{"href":"https:\/\/www.okval.com\/de\/wp-json\/wp\/v2\/product\/2576","targetHints":{"allow":["GET"]}}],"collection":[{"href":"https:\/\/www.okval.com\/de\/wp-json\/wp\/v2\/product"}],"about":[{"href":"https:\/\/www.okval.com\/de\/wp-json\/wp\/v2\/types\/product"}],"wp:featuredmedia":[{"embeddable":true,"href":"https:\/\/www.okval.com\/de\/wp-json\/wp\/v2\/media\/2579"}],"wp:attachment":[{"href":"https:\/\/www.okval.com\/de\/wp-json\/wp\/v2\/media?parent=2576"}],"wp:term":[{"taxonomy":"product_brand","embeddable":true,"href":"https:\/\/www.okval.com\/de\/wp-json\/wp\/v2\/product_brand?post=2576"},{"taxonomy":"product_cat","embeddable":true,"href":"https:\/\/www.okval.com\/de\/wp-json\/wp\/v2\/product_cat?post=2576"},{"taxonomy":"product_tag","embeddable":true,"href":"https:\/\/www.okval.com\/de\/wp-json\/wp\/v2\/product_tag?post=2576"}],"curies":[{"name":"wp","href":"https:\/\/api.w.org\/{rel}","templated":true}]}}