{"id":2574,"date":"2024-03-28T17:31:01","date_gmt":"2024-03-28T09:31:01","guid":{"rendered":"https:\/\/www.okval.com\/?post_type=product&#038;p=2574"},"modified":"2024-03-31T15:48:30","modified_gmt":"2024-03-31T07:48:30","slug":"korbfiltersieb","status":"publish","type":"product","link":"https:\/\/www.okval.com\/de\/korbfiltersieb-html","title":{"rendered":"Y-Sieb"},"content":{"rendered":"<ul>\n<li>Flanschnorm: EN1092-2<\/li>\n<li>Anschluss: Flanschende<\/li>\n<li>Dichtung: EPDM\/NBR<\/li>\n<li>Druck: PN10, PN16,<\/li>\n<li>Gr\u00f6\u00dfe: DN40 \u2013 600 (1-1\/2\u201d \u2013 24\u201d)<\/li>\n<\/ul>","protected":false},"excerpt":{"rendered":"<p>Siebe vom Typ Y sind nach ihrer Form benannt und werden zur Grobfiltration verwendet. Sie dienen dazu, Fl\u00fcssigkeitshandhabungssysteme vor der Besch\u00e4digung von Ventilen, Pumpen, Durchflussmessern und anderen Prozessanlagenger\u00e4ten durch Fremdpartikel wie Zunder, Schmutz und Schwei\u00dfgrate zu sch\u00fctzen, die durch das Rohr wandern.<\/p>","protected":false},"featured_media":2553,"template":"","meta":[],"product_brand":[],"product_cat":[159,182],"product_tag":[219],"class_list":{"0":"post-2574","1":"product","2":"type-product","3":"status-publish","4":"has-post-thumbnail","6":"product_cat-valves","7":"product_cat-y-strainer","8":"product_tag-y-strainer","10":"first","11":"instock","12":"shipping-taxable","13":"product-type-simple"},"aioseo_notices":[],"_links":{"self":[{"href":"https:\/\/www.okval.com\/de\/wp-json\/wp\/v2\/product\/2574","targetHints":{"allow":["GET"]}}],"collection":[{"href":"https:\/\/www.okval.com\/de\/wp-json\/wp\/v2\/product"}],"about":[{"href":"https:\/\/www.okval.com\/de\/wp-json\/wp\/v2\/types\/product"}],"wp:featuredmedia":[{"embeddable":true,"href":"https:\/\/www.okval.com\/de\/wp-json\/wp\/v2\/media\/2553"}],"wp:attachment":[{"href":"https:\/\/www.okval.com\/de\/wp-json\/wp\/v2\/media?parent=2574"}],"wp:term":[{"taxonomy":"product_brand","embeddable":true,"href":"https:\/\/www.okval.com\/de\/wp-json\/wp\/v2\/product_brand?post=2574"},{"taxonomy":"product_cat","embeddable":true,"href":"https:\/\/www.okval.com\/de\/wp-json\/wp\/v2\/product_cat?post=2574"},{"taxonomy":"product_tag","embeddable":true,"href":"https:\/\/www.okval.com\/de\/wp-json\/wp\/v2\/product_tag?post=2574"}],"curies":[{"name":"wp","href":"https:\/\/api.w.org\/{rel}","templated":true}]}}