{"id":2536,"date":"2024-03-28T16:32:50","date_gmt":"2024-03-28T08:32:50","guid":{"rendered":"https:\/\/www.okval.com\/?post_type=product&#038;p=2536"},"modified":"2024-03-31T15:54:47","modified_gmt":"2024-03-31T07:54:47","slug":"entluftungsventil","status":"publish","type":"product","link":"https:\/\/www.okval.com\/de\/luftablassventil-html","title":{"rendered":"Entl\u00fcftungsventil"},"content":{"rendered":"<p><strong>Luftventil mit doppelter \u00d6ffnung<\/strong><\/p>\n<ul>\n<li>Flanschnorm: EN1092 -2, ANSI B16.1<\/li>\n<li>Anschluss: Flansch- und Gewindeende<\/li>\n<li>Druck: PN10, PN16, 125LB, 150LB<\/li>\n<li>Gr\u00f6\u00dfe: DN50 \u2013 200 (2&quot; -8&quot;)<\/li>\n<\/ul>\n<p><strong>Multifunktions-Auslassventil<\/strong><\/p>\n<ul>\n<li>Flanschnorm: EN1092 -2, ANSI B16.1<\/li>\n<li>Anschluss: Flansch- und Gewindeende<\/li>\n<li>Druck: PN10, PN16, 125LB, 150LB<\/li>\n<li>Gr\u00f6\u00dfe: DN50 \u2013 200 (2&quot; -8&quot;)<\/li>\n<\/ul>","protected":false},"excerpt":{"rendered":"<p>Das Entl\u00fcftungsventil ist eine wichtige Komponente f\u00fcr die effiziente Entl\u00fcftung von Brandschutzsystemen. Es gew\u00e4hrleistet optimale Leistung durch automatisches Entl\u00fcften von Lufteinschl\u00fcssen, verhindert Lufteinschl\u00fcsse und erh\u00e4lt die Systemintegrit\u00e4t. Die UL- und FM-Zertifizierung garantiert die Einhaltung der Industriestandards f\u00fcr Sicherheit und Zuverl\u00e4ssigkeit. Dieses Ventil ist f\u00fcr raue Bedingungen ausgelegt und eine zuverl\u00e4ssige L\u00f6sung f\u00fcr die Aufrechterhaltung der Wirksamkeit von Feuerl\u00f6schsystemen.<\/p>","protected":false},"featured_media":2537,"template":"","meta":[],"product_brand":[],"product_cat":[180,159],"product_tag":[235],"class_list":{"0":"post-2536","1":"product","2":"type-product","3":"status-publish","4":"has-post-thumbnail","6":"product_cat-air-release-valve","7":"product_cat-valves","8":"product_tag-air-release-valve","10":"first","11":"instock","12":"shipping-taxable","13":"product-type-simple"},"aioseo_notices":[],"_links":{"self":[{"href":"https:\/\/www.okval.com\/de\/wp-json\/wp\/v2\/product\/2536","targetHints":{"allow":["GET"]}}],"collection":[{"href":"https:\/\/www.okval.com\/de\/wp-json\/wp\/v2\/product"}],"about":[{"href":"https:\/\/www.okval.com\/de\/wp-json\/wp\/v2\/types\/product"}],"wp:featuredmedia":[{"embeddable":true,"href":"https:\/\/www.okval.com\/de\/wp-json\/wp\/v2\/media\/2537"}],"wp:attachment":[{"href":"https:\/\/www.okval.com\/de\/wp-json\/wp\/v2\/media?parent=2536"}],"wp:term":[{"taxonomy":"product_brand","embeddable":true,"href":"https:\/\/www.okval.com\/de\/wp-json\/wp\/v2\/product_brand?post=2536"},{"taxonomy":"product_cat","embeddable":true,"href":"https:\/\/www.okval.com\/de\/wp-json\/wp\/v2\/product_cat?post=2536"},{"taxonomy":"product_tag","embeddable":true,"href":"https:\/\/www.okval.com\/de\/wp-json\/wp\/v2\/product_tag?post=2536"}],"curies":[{"name":"wp","href":"https:\/\/api.w.org\/{rel}","templated":true}]}}