{"id":2530,"date":"2024-03-28T16:13:00","date_gmt":"2024-03-28T08:13:00","guid":{"rendered":"https:\/\/www.okval.com\/?post_type=product&#038;p=2530"},"modified":"2024-03-31T15:54:24","modified_gmt":"2024-03-31T07:54:24","slug":"absperrklappe","status":"publish","type":"product","link":"https:\/\/www.okval.com\/de\/absperrklappe-html","title":{"rendered":"Absperrklappe"},"content":{"rendered":"<p><strong>Doppelflansch-Absperrklappe<\/strong><\/p>\n<ul>\n<li>Ausf\u00fchrung: DIN\/BS\/JIS\/ANSI<\/li>\n<li>Scheibe: DI+Nie\/Epoxid, SS304, SS316, Brone<\/li>\n<li>Bedienung: Hebel, Getriebe, elektrischer Antrieb<\/li>\n<li>Druck: PN10, PN16, PN25, 150LB<\/li>\n<li>Gr\u00f6\u00dfe: DN40-1200 (1-1\/2\u201d \u2013 48\u201d)<\/li>\n<li>Konzentrisches Absperrventil<\/li>\n<\/ul>\n<p><strong>Konzentrisches Absperrventil<\/strong><\/p>\n<ul>\n<li>Ausf\u00fchrung: DIN\/BS\/JIS\/ANSI<\/li>\n<li>Scheibe: DI+Nie\/Epoxid, SS304, SS316, Brone<\/li>\n<li>Bedienung: Hebel, Getriebe, elektrischer Antrieb<\/li>\n<li>Druck: PN10, PN16, PN25, 150LB<\/li>\n<li>Gr\u00f6\u00dfe: DN40-1200 (1-1\/2\u201d \u2013 48\u201d)<\/li>\n<\/ul>","protected":false},"excerpt":{"rendered":"<p>Butterfly-Wafer-Ventile sind kompakte Durchflussregler f\u00fcr industrielle Anwendungen. Sie dienen der Regulierung oder Absperrung des Fl\u00fcssigkeits- oder Gasflusses in Rohrleitungen. Diese Ventile sind leicht konstruiert und k\u00f6nnen daher ohne zus\u00e4tzliche Abst\u00fctzung zwischen Flanschen installiert werden. Bestehend aus Scheibe, Schaft, Geh\u00e4use und Antrieb bieten diese Ventile einen effizienten Betrieb. Die mit dem Schaft verbundene Scheibe rotiert im Ventilgeh\u00e4use und regelt so den Durchfluss. Ideal f\u00fcr Branchen wie die Wasseraufbereitung, die chemische Verarbeitung und mehr. Diese Ventile werden h\u00e4ufig in Anwendungen eingesetzt, die hohe Durchflussraten und niedrige Druckbedingungen erfordern.<\/p>","protected":false},"featured_media":2531,"template":"","meta":[],"product_brand":[],"product_cat":[179,159],"product_tag":[236],"class_list":{"0":"post-2530","1":"product","2":"type-product","3":"status-publish","4":"has-post-thumbnail","6":"product_cat-butterfly-valve","7":"product_cat-valves","8":"product_tag-butterfly-valve","10":"first","11":"instock","12":"shipping-taxable","13":"product-type-simple"},"aioseo_notices":[],"_links":{"self":[{"href":"https:\/\/www.okval.com\/de\/wp-json\/wp\/v2\/product\/2530","targetHints":{"allow":["GET"]}}],"collection":[{"href":"https:\/\/www.okval.com\/de\/wp-json\/wp\/v2\/product"}],"about":[{"href":"https:\/\/www.okval.com\/de\/wp-json\/wp\/v2\/types\/product"}],"wp:featuredmedia":[{"embeddable":true,"href":"https:\/\/www.okval.com\/de\/wp-json\/wp\/v2\/media\/2531"}],"wp:attachment":[{"href":"https:\/\/www.okval.com\/de\/wp-json\/wp\/v2\/media?parent=2530"}],"wp:term":[{"taxonomy":"product_brand","embeddable":true,"href":"https:\/\/www.okval.com\/de\/wp-json\/wp\/v2\/product_brand?post=2530"},{"taxonomy":"product_cat","embeddable":true,"href":"https:\/\/www.okval.com\/de\/wp-json\/wp\/v2\/product_cat?post=2530"},{"taxonomy":"product_tag","embeddable":true,"href":"https:\/\/www.okval.com\/de\/wp-json\/wp\/v2\/product_tag?post=2530"}],"curies":[{"name":"wp","href":"https:\/\/api.w.org\/{rel}","templated":true}]}}