{"id":2449,"date":"2024-03-28T00:33:58","date_gmt":"2024-03-27T16:33:58","guid":{"rendered":"https:\/\/www.okval.com\/?post_type=product&#038;p=2449"},"modified":"2024-03-31T15:56:40","modified_gmt":"2024-03-31T07:56:40","slug":"absperrschieber","status":"publish","type":"product","link":"https:\/\/www.okval.com\/de\/absperrschieber-html","title":{"rendered":"Absperrschieber"},"content":{"rendered":"<p><strong>Elastischer Weichsitz-Schieber<\/strong><\/p>\n<ul>\n<li>Design: BS5163, DIN3352-F4\/F5, ANSI<\/li>\n<li>Anschluss: NRS, OS&amp;Y Flanschende<\/li>\n<li>Bedienung: Handrad, Kappe, ISO-Flansche, Getriebe, elektrischer Antrieb<\/li>\n<li>Druck: PN10, PN16, PN25, 125LB, 150LB<\/li>\n<li>Gr\u00f6\u00dfe: DN40-1200 (1-1\/2\u201d-48\u201d)<\/li>\n<\/ul>\n<p><strong>Metallsitz-Schieber<\/strong><\/p>\n<ul>\n<li>Design: BS5163, DIN3352-F4\/F5, ANSI<\/li>\n<li>Anschluss: NRS, OS&amp;Y Flanschende<\/li>\n<li>Bedienung: Handrad, Kappe, ISO-Flansche, Getriebe, elektrischer Antrieb<\/li>\n<li>Druck: PN10, PN16, PN25, 125LB, 150LB<\/li>\n<li>Gr\u00f6\u00dfe: DN40-1200 (1-1\/2\u201d-48\u201d)<\/li>\n<\/ul>","protected":false},"excerpt":{"rendered":"<p>Ein Absperrschieber dient im Allgemeinen dazu, den Fl\u00fcssigkeitsfluss in einer Rohrleitung vollst\u00e4ndig zu unterbrechen oder in vollst\u00e4ndig ge\u00f6ffneter Stellung den vollen Durchfluss zu gew\u00e4hrleisten. Er wird daher entweder in vollst\u00e4ndig geschlossener oder vollst\u00e4ndig ge\u00f6ffneter Stellung eingesetzt. Ein Absperrschieber besteht aus einem Ventilk\u00f6rper, einem Ventilsitz und einer Ventilscheibe, einer Spindel, einer Stopfbuchse und einem Rad zur Bet\u00e4tigung des Ventils.<\/p>","protected":false},"featured_media":2527,"template":"","meta":[],"product_brand":[],"product_cat":[178,159],"product_tag":[237],"class_list":{"0":"post-2449","1":"product","2":"type-product","3":"status-publish","4":"has-post-thumbnail","6":"product_cat-gate-valve","7":"product_cat-valves","8":"product_tag-gate-valve","10":"first","11":"instock","12":"shipping-taxable","13":"product-type-simple"},"aioseo_notices":[],"_links":{"self":[{"href":"https:\/\/www.okval.com\/de\/wp-json\/wp\/v2\/product\/2449","targetHints":{"allow":["GET"]}}],"collection":[{"href":"https:\/\/www.okval.com\/de\/wp-json\/wp\/v2\/product"}],"about":[{"href":"https:\/\/www.okval.com\/de\/wp-json\/wp\/v2\/types\/product"}],"wp:featuredmedia":[{"embeddable":true,"href":"https:\/\/www.okval.com\/de\/wp-json\/wp\/v2\/media\/2527"}],"wp:attachment":[{"href":"https:\/\/www.okval.com\/de\/wp-json\/wp\/v2\/media?parent=2449"}],"wp:term":[{"taxonomy":"product_brand","embeddable":true,"href":"https:\/\/www.okval.com\/de\/wp-json\/wp\/v2\/product_brand?post=2449"},{"taxonomy":"product_cat","embeddable":true,"href":"https:\/\/www.okval.com\/de\/wp-json\/wp\/v2\/product_cat?post=2449"},{"taxonomy":"product_tag","embeddable":true,"href":"https:\/\/www.okval.com\/de\/wp-json\/wp\/v2\/product_tag?post=2449"}],"curies":[{"name":"wp","href":"https:\/\/api.w.org\/{rel}","templated":true}]}}