{"id":2439,"date":"2024-03-27T22:16:11","date_gmt":"2024-03-27T14:16:11","guid":{"rendered":"https:\/\/www.okval.com\/?post_type=product&#038;p=2439"},"modified":"2024-03-31T15:59:37","modified_gmt":"2024-03-31T07:59:37","slug":"rohrverbindungsstucke-aus-duktilem-gusseisen-fur-pvc-muffen","status":"publish","type":"product","link":"https:\/\/www.okval.com\/de\/rohrverbindungsstucke-aus-duktilem-gusseisen-fur-pvc-muffe-html","title":{"rendered":"Rohrverschraubungen aus duktilem Gusseisen f\u00fcr PVC-Muffen"},"content":{"rendered":"<p><strong>Merkmale<\/strong><\/p>\n<p>1-Lang anhaltender Schutz: mit 250\u00a0\u00b5m FBE-beschichtetem Sph\u00e4roguss, der \u00e4u\u00dferst widerstandsf\u00e4hig gegen die Aggressivit\u00e4t des Bodens ist.<\/p>\n<p>2-Einfache und zuverl\u00e4ssige Montage: Die Steckmontage erfordert nur geringen Montageaufwand.<\/p>\n<p>3-Einbaufertig: Die Armaturen werden mit Dichtungen verkauft. Die Produkte sind also einbaufertig, wenn Sie sie erhalten.<\/p>\n<p><strong>Technische Parameter<\/strong><\/p>\n<p>1-Zeichnung<\/p>\n<p><img decoding=\"async\" title=\"Zeichnung aller T-St\u00fccke mit Buchse\" src=\"https:\/\/www.ametekiron.com\/Content\/uploads\/2020677727\/20200902114558a17a6d16b9a34795835a80a518b1c35b.jpg\" alt=\"Rohrverschraubungen aus duktilem Gusseisen f\u00fcr PVC-Muffen\" \/><\/p>\n<p>2-Materialspezifikation<\/p>\n<div class=\"table-responsive\">\n<table class=\"table\" border=\"0\" width=\"100%\" cellspacing=\"0\" cellpadding=\"0\">\n<tbody>\n<tr class=\"firstRow\">\n<td valign=\"top\" width=\"142\">Artikelnr.<\/td>\n<td valign=\"top\" width=\"142\">Artikelname<\/td>\n<td valign=\"top\" width=\"196\">Material<\/td>\n<\/tr>\n<tr>\n<td valign=\"top\" width=\"142\">1<\/td>\n<td valign=\"top\" width=\"142\">K\u00f6rper<\/td>\n<td valign=\"top\" width=\"196\">Gusseisen\/Sph\u00e4roguss<\/td>\n<\/tr>\n<tr>\n<td valign=\"top\" width=\"142\">2<\/td>\n<td valign=\"top\" width=\"142\">Gummi<\/td>\n<td valign=\"top\" width=\"196\">EPDM\/NBR<\/td>\n<\/tr>\n<\/tbody>\n<\/table>\n<\/div>\n<p>3-Abmessungen (mm)<\/p>\n<div class=\"table-responsive\">\n<table class=\"table\" border=\"0\" width=\"100%\" cellspacing=\"0\" cellpadding=\"0\">\n<tbody>\n<tr class=\"firstRow\">\n<td valign=\"top\" width=\"88\">Zoll<\/td>\n<td valign=\"top\" width=\"94\">DN<\/td>\n<td valign=\"top\" width=\"54\">OD-1<\/td>\n<td valign=\"top\" width=\"45\">OD-2<\/td>\n<td valign=\"top\" width=\"45\">L<\/td>\n<\/tr>\n<tr>\n<td valign=\"top\" width=\"88\">2\u2033*2\u2033<\/td>\n<td valign=\"top\" width=\"94\">50*50<\/td>\n<td valign=\"top\" width=\"54\">63<\/td>\n<td valign=\"top\" width=\"45\">63<\/td>\n<td valign=\"top\" width=\"45\">255<\/td>\n<\/tr>\n<tr>\n<td valign=\"top\" width=\"88\">3\u2033*2\u2033<\/td>\n<td valign=\"top\" width=\"94\">75*50<\/td>\n<td valign=\"top\" width=\"54\">63<\/td>\n<td valign=\"top\" width=\"45\">90<\/td>\n<td valign=\"top\" width=\"45\">275<\/td>\n<\/tr>\n<tr>\n<td valign=\"top\" width=\"88\">3\u2033*3\u2033<\/td>\n<td valign=\"top\" width=\"94\">75*75<\/td>\n<td valign=\"top\" width=\"54\">90<\/td>\n<td valign=\"top\" width=\"45\">90<\/td>\n<td valign=\"top\" width=\"45\">291<\/td>\n<\/tr>\n<tr>\n<td valign=\"top\" width=\"88\">4\u2033*2\u2033<\/td>\n<td valign=\"top\" width=\"94\">100*50<\/td>\n<td valign=\"top\" width=\"54\">63<\/td>\n<td valign=\"top\" width=\"45\">110<\/td>\n<td valign=\"top\" width=\"45\">300<\/td>\n<\/tr>\n<tr>\n<td valign=\"top\" width=\"88\">4\u2033*3\u2033<\/td>\n<td valign=\"top\" width=\"94\">100*75<\/td>\n<td valign=\"top\" width=\"54\">90<\/td>\n<td valign=\"top\" width=\"45\">110<\/td>\n<td valign=\"top\" width=\"45\">315<\/td>\n<\/tr>\n<tr>\n<td valign=\"top\" width=\"88\">4\u2033*4\u2033<\/td>\n<td valign=\"top\" width=\"94\">100*100<\/td>\n<td valign=\"top\" width=\"54\">110<\/td>\n<td valign=\"top\" width=\"45\">110<\/td>\n<td valign=\"top\" width=\"45\">345<\/td>\n<\/tr>\n<tr>\n<td valign=\"top\" width=\"88\">6\u2033*2\u2033<\/td>\n<td valign=\"top\" width=\"94\">150*50<\/td>\n<td valign=\"top\" width=\"54\">63<\/td>\n<td valign=\"top\" width=\"45\">160<\/td>\n<td valign=\"top\" width=\"45\">350<\/td>\n<\/tr>\n<tr>\n<td valign=\"top\" width=\"88\">6\u2033*3\u2033<\/td>\n<td valign=\"top\" width=\"94\">150*75<\/td>\n<td valign=\"top\" width=\"54\">90<\/td>\n<td valign=\"top\" width=\"45\">160<\/td>\n<td valign=\"top\" width=\"45\">365<\/td>\n<\/tr>\n<tr>\n<td valign=\"top\" width=\"88\">6\u2033*4\u2033<\/td>\n<td valign=\"top\" width=\"94\">150*100<\/td>\n<td valign=\"top\" width=\"54\">110<\/td>\n<td valign=\"top\" width=\"45\">160<\/td>\n<td valign=\"top\" width=\"45\">400<\/td>\n<\/tr>\n<tr>\n<td valign=\"top\" width=\"88\">6\u2033*6\u2033<\/td>\n<td valign=\"top\" width=\"94\">150*150<\/td>\n<td valign=\"top\" width=\"54\">160<\/td>\n<td valign=\"top\" width=\"45\">160<\/td>\n<td valign=\"top\" width=\"45\">446<\/td>\n<\/tr>\n<tr>\n<td valign=\"top\" width=\"88\">8\u2033*2\u2033<\/td>\n<td valign=\"top\" width=\"94\">200*50<\/td>\n<td valign=\"top\" width=\"54\">63<\/td>\n<td valign=\"top\" width=\"45\">225<\/td>\n<td valign=\"top\" width=\"45\">380<\/td>\n<\/tr>\n<tr>\n<td valign=\"top\" width=\"88\">8\u2033*3\u2033<\/td>\n<td valign=\"top\" width=\"94\">200*75<\/td>\n<td valign=\"top\" width=\"54\">90<\/td>\n<td valign=\"top\" width=\"45\">225<\/td>\n<td valign=\"top\" width=\"45\">390<\/td>\n<\/tr>\n<tr>\n<td valign=\"top\" width=\"88\">8\u2033*4\u2033<\/td>\n<td valign=\"top\" width=\"94\">200*100<\/td>\n<td valign=\"top\" width=\"54\">110<\/td>\n<td valign=\"top\" width=\"45\">225<\/td>\n<td valign=\"top\" width=\"45\">430<\/td>\n<\/tr>\n<tr>\n<td valign=\"top\" width=\"88\">8\u2033*6\u2033<\/td>\n<td valign=\"top\" width=\"94\">200*150<\/td>\n<td valign=\"top\" width=\"54\">160<\/td>\n<td valign=\"top\" width=\"45\">225<\/td>\n<td valign=\"top\" width=\"45\">480<\/td>\n<\/tr>\n<tr>\n<td valign=\"top\" width=\"88\">8\u2033*8\u2033<\/td>\n<td valign=\"top\" width=\"94\">200*200<\/td>\n<td valign=\"top\" width=\"54\">225<\/td>\n<td valign=\"top\" width=\"45\">225<\/td>\n<td valign=\"top\" width=\"45\">520<\/td>\n<\/tr>\n<\/tbody>\n<\/table>\n<\/div>\n<p>Die obigen Zeichnungen und Parameter dienen nur als Referenz. F\u00fcr genaue Daten wenden Sie sich bitte an uns.<\/p>\n<p>&nbsp;<\/p>","protected":false},"excerpt":{"rendered":"<p>Sph\u00e4roguss-Rohrfittings f\u00fcr PVC-Muffen bestehen aus Sph\u00e4roguss mit Au\u00dfendurchmessern von 63 mm bis 225 mm. Druck von PN10 bis PN16. Entwickelt und hergestellt f\u00fcr PVC-Rohre. Weit verbreitet in Anwendungen wie Wasserversorgung, Recyclingwasser, Bew\u00e4sserung, Abwasserbehandlung, Entw\u00e4sserung, Regenwasserleitungen, Gas und Industrieanwendungen.<\/p>","protected":false},"featured_media":2441,"template":"","meta":[],"product_brand":[],"product_cat":[176,158],"product_tag":[238,240,241],"class_list":{"0":"post-2439","1":"product","2":"type-product","3":"status-publish","4":"has-post-thumbnail","6":"product_cat-ductile-iron-pipe-fittings-for-pvc-socket","7":"product_cat-pipe-fittings","8":"product_tag-ductile-iron","9":"product_tag-pipe-fittings","10":"product_tag-pvc-socket","12":"first","13":"instock","14":"shipping-taxable","15":"product-type-simple"},"aioseo_notices":[],"_links":{"self":[{"href":"https:\/\/www.okval.com\/de\/wp-json\/wp\/v2\/product\/2439","targetHints":{"allow":["GET"]}}],"collection":[{"href":"https:\/\/www.okval.com\/de\/wp-json\/wp\/v2\/product"}],"about":[{"href":"https:\/\/www.okval.com\/de\/wp-json\/wp\/v2\/types\/product"}],"wp:featuredmedia":[{"embeddable":true,"href":"https:\/\/www.okval.com\/de\/wp-json\/wp\/v2\/media\/2441"}],"wp:attachment":[{"href":"https:\/\/www.okval.com\/de\/wp-json\/wp\/v2\/media?parent=2439"}],"wp:term":[{"taxonomy":"product_brand","embeddable":true,"href":"https:\/\/www.okval.com\/de\/wp-json\/wp\/v2\/product_brand?post=2439"},{"taxonomy":"product_cat","embeddable":true,"href":"https:\/\/www.okval.com\/de\/wp-json\/wp\/v2\/product_cat?post=2439"},{"taxonomy":"product_tag","embeddable":true,"href":"https:\/\/www.okval.com\/de\/wp-json\/wp\/v2\/product_tag?post=2439"}],"curies":[{"name":"wp","href":"https:\/\/api.w.org\/{rel}","templated":true}]}}