{"id":2435,"date":"2024-03-27T22:08:05","date_gmt":"2024-03-27T14:08:05","guid":{"rendered":"https:\/\/www.okval.com\/?post_type=product&#038;p=2435"},"modified":"2024-04-13T17:33:42","modified_gmt":"2024-04-13T09:33:42","slug":"flanschrohrverschraubungen-aus-duktilem-eisen","status":"publish","type":"product","link":"https:\/\/www.okval.com\/de\/flanschrohrverbindungen-aus-duktilem-eisen-html","title":{"rendered":"Flanschrohrverschraubungen aus duktilem Eisen"},"content":{"rendered":"<p><strong>Technische Parameter<\/strong><\/p>\n<p>1-Zeichnung<\/p>\n<p><img decoding=\"async\" title=\"Zeichnung eines Flansch-T-St\u00fccks aus duktilem Gusseisen\" src=\"https:\/\/www.ametekiron.com\/Content\/uploads\/2020677727\/20200907172011a289c854bd574297ba444d86f5b284be.jpg\" \/><\/p>\n<p>2-Materialspezifikation<\/p>\n<div class=\"table-responsive\">\n<table class=\"table\" border=\"0\" width=\"100%\" cellspacing=\"0\" cellpadding=\"0\">\n<tbody>\n<tr class=\"firstRow\">\n<td valign=\"top\" width=\"142\">Artikelnr.<\/td>\n<td valign=\"top\" width=\"142\">Artikelname<\/td>\n<td valign=\"top\" width=\"196\">Material<\/td>\n<\/tr>\n<tr>\n<td valign=\"top\" width=\"142\">1<\/td>\n<td valign=\"top\" width=\"142\">K\u00f6rper<\/td>\n<td valign=\"top\" width=\"196\">Gusseisen\/Sph\u00e4roguss<\/td>\n<\/tr>\n<tr>\n<td valign=\"top\" width=\"142\">2<\/td>\n<td valign=\"top\" width=\"142\">Flansch<\/td>\n<td valign=\"top\" width=\"196\">Gusseisen\/Sph\u00e4roguss<\/td>\n<\/tr>\n<\/tbody>\n<\/table>\n<\/div>\n<p>3-Abmessungen (mm)<\/p>\n<div class=\"table-responsive\">\n<table class=\"table\" border=\"0\" width=\"100%\" cellspacing=\"0\" cellpadding=\"0\">\n<tbody>\n<tr class=\"firstRow\">\n<td valign=\"top\" width=\"41\">DN<\/td>\n<td valign=\"top\" width=\"41\">L<\/td>\n<td valign=\"top\" width=\"79\">Standard<\/td>\n<\/tr>\n<tr>\n<td width=\"41\">80<\/td>\n<td width=\"41\">135<\/td>\n<td rowspan=\"4\" width=\"79\">ISO 2531<\/td>\n<\/tr>\n<tr>\n<td width=\"41\">100<\/td>\n<td width=\"41\">140<\/td>\n<\/tr>\n<tr>\n<td width=\"41\">150<\/td>\n<td width=\"41\">155<\/td>\n<\/tr>\n<tr>\n<td width=\"41\">200<\/td>\n<td width=\"41\">170<\/td>\n<\/tr>\n<\/tbody>\n<\/table>\n<\/div>\n<div class=\"table-responsive\">\n<table class=\"table\" border=\"0\" width=\"100%\" cellspacing=\"0\" cellpadding=\"0\">\n<tbody>\n<tr class=\"firstRow\">\n<td valign=\"top\" width=\"114\">DN<\/td>\n<td valign=\"top\" width=\"114\">dn<\/td>\n<td valign=\"top\" width=\"114\">L<\/td>\n<td valign=\"top\" width=\"114\">l<\/td>\n<td valign=\"top\" width=\"114\">Standard<\/td>\n<\/tr>\n<tr>\n<td rowspan=\"2\" width=\"114\">40<\/td>\n<td rowspan=\"2\" width=\"114\">40<\/td>\n<td valign=\"top\" width=\"114\">255<\/td>\n<td valign=\"top\" width=\"114\">130<\/td>\n<td valign=\"top\" width=\"114\">EN545 B<\/td>\n<\/tr>\n<tr>\n<td valign=\"top\" width=\"114\">280<\/td>\n<td valign=\"top\" width=\"114\">140<\/td>\n<td valign=\"top\" width=\"114\">EN545 A<\/td>\n<\/tr>\n<tr>\n<td rowspan=\"2\" width=\"114\">50<\/td>\n<td rowspan=\"2\" width=\"114\">50<\/td>\n<td valign=\"top\" width=\"114\">280<\/td>\n<td valign=\"top\" width=\"114\">140<\/td>\n<td valign=\"top\" width=\"114\">EN545 B<\/td>\n<\/tr>\n<tr>\n<td valign=\"top\" width=\"114\">300<\/td>\n<td valign=\"top\" width=\"114\">150<\/td>\n<td valign=\"top\" width=\"114\">EN545 A<\/td>\n<\/tr>\n<tr>\n<td rowspan=\"2\" width=\"114\">60<\/td>\n<td rowspan=\"2\" width=\"114\">60<\/td>\n<td width=\"114\">300<\/td>\n<td width=\"114\">150<\/td>\n<td width=\"114\">EN545 B<\/td>\n<\/tr>\n<tr>\n<td valign=\"top\" width=\"114\">320<\/td>\n<td valign=\"top\" width=\"114\">160<\/td>\n<td valign=\"top\" width=\"114\">EN545 A<\/td>\n<\/tr>\n<tr>\n<td rowspan=\"2\" width=\"114\">65<\/td>\n<td valign=\"top\" width=\"114\">50<\/td>\n<td valign=\"top\" width=\"114\">330<\/td>\n<td valign=\"top\" width=\"114\">165<\/td>\n<td valign=\"top\" width=\"114\">EN545<\/td>\n<\/tr>\n<tr>\n<td valign=\"top\" width=\"114\">65<\/td>\n<td valign=\"top\" width=\"114\">330<\/td>\n<td valign=\"top\" width=\"114\">165<\/td>\n<td valign=\"top\" width=\"114\">EN545A<\/td>\n<\/tr>\n<tr>\n<td rowspan=\"8\" width=\"114\">80<\/td>\n<td valign=\"top\" width=\"114\">40<\/td>\n<td valign=\"top\" width=\"114\">330<\/td>\n<td valign=\"top\" width=\"114\">165<\/td>\n<td valign=\"top\" width=\"114\">EN545<\/td>\n<\/tr>\n<tr>\n<td rowspan=\"2\" width=\"114\">50<\/td>\n<td valign=\"top\" width=\"114\">310<\/td>\n<td valign=\"top\" width=\"114\">145<\/td>\n<td valign=\"top\" width=\"114\">EN545<\/td>\n<\/tr>\n<tr>\n<td valign=\"top\" width=\"114\">330<\/td>\n<td valign=\"top\" width=\"114\">160<\/td>\n<td valign=\"top\" width=\"114\">EN545<\/td>\n<\/tr>\n<tr>\n<td rowspan=\"2\" width=\"114\">60<\/td>\n<td valign=\"top\" width=\"114\">310<\/td>\n<td valign=\"top\" width=\"114\">155<\/td>\n<td valign=\"top\" width=\"114\">EN545 B<\/td>\n<\/tr>\n<tr>\n<td valign=\"top\" width=\"114\">330<\/td>\n<td valign=\"top\" width=\"114\">160<\/td>\n<td valign=\"top\" width=\"114\">EN545<\/td>\n<\/tr>\n<tr>\n<td valign=\"top\" width=\"114\">65<\/td>\n<td valign=\"top\" width=\"114\">330<\/td>\n<td valign=\"top\" width=\"114\">160<\/td>\n<td valign=\"top\" width=\"114\">EN545<\/td>\n<\/tr>\n<tr>\n<td rowspan=\"2\" width=\"114\">80<\/td>\n<td valign=\"top\" width=\"114\">280<\/td>\n<td valign=\"top\" width=\"114\">140<\/td>\n<td valign=\"top\" width=\"114\">EN545<\/td>\n<\/tr>\n<tr>\n<td valign=\"top\" width=\"114\">330<\/td>\n<td valign=\"top\" width=\"114\">165<\/td>\n<td valign=\"top\" width=\"114\">EN545 A\/B<\/td>\n<\/tr>\n<tr>\n<td rowspan=\"9\" width=\"114\">100<\/td>\n<td rowspan=\"2\" width=\"114\">50<\/td>\n<td valign=\"top\" width=\"114\">320<\/td>\n<td valign=\"top\" width=\"114\">165<\/td>\n<td valign=\"top\" width=\"114\">EN545<\/td>\n<\/tr>\n<tr>\n<td valign=\"top\" width=\"114\">360<\/td>\n<td valign=\"top\" width=\"114\">170<\/td>\n<td valign=\"top\" width=\"114\">EN545<\/td>\n<\/tr>\n<tr>\n<td rowspan=\"2\" width=\"114\">60<\/td>\n<td valign=\"top\" width=\"114\">320<\/td>\n<td valign=\"top\" width=\"114\">165<\/td>\n<td valign=\"top\" width=\"114\">EN545 B<\/td>\n<\/tr>\n<tr>\n<td valign=\"top\" width=\"114\">360<\/td>\n<td valign=\"top\" width=\"114\">165<\/td>\n<td valign=\"top\" width=\"114\">EN545<\/td>\n<\/tr>\n<tr>\n<td width=\"114\">65<\/td>\n<td valign=\"top\" width=\"114\">360<\/td>\n<td valign=\"top\" width=\"114\">165<\/td>\n<td valign=\"top\" width=\"114\">EN545<\/td>\n<\/tr>\n<tr>\n<td rowspan=\"2\" width=\"114\">80<\/td>\n<td valign=\"top\" width=\"114\">330<\/td>\n<td valign=\"top\" width=\"114\">170<\/td>\n<td width=\"114\">EN545 B<\/td>\n<\/tr>\n<tr>\n<td valign=\"top\" width=\"114\">360<\/td>\n<td valign=\"top\" width=\"114\">175<\/td>\n<td valign=\"top\" width=\"114\">EN545 A<\/td>\n<\/tr>\n<tr>\n<td rowspan=\"2\" width=\"114\">100<\/td>\n<td valign=\"top\" width=\"114\">310<\/td>\n<td valign=\"top\" width=\"114\">155<\/td>\n<td valign=\"top\" width=\"114\">EN545<\/td>\n<\/tr>\n<tr>\n<td valign=\"top\" width=\"114\">360<\/td>\n<td valign=\"top\" width=\"114\">180<\/td>\n<td valign=\"top\" width=\"114\">EN545 A\/B<\/td>\n<\/tr>\n<tr>\n<td rowspan=\"8\" width=\"114\">125<\/td>\n<td width=\"114\">50<\/td>\n<td valign=\"top\" width=\"114\">400<\/td>\n<td valign=\"top\" width=\"114\">180<\/td>\n<td valign=\"top\" width=\"114\">EN545<\/td>\n<\/tr>\n<tr>\n<td rowspan=\"2\" width=\"114\">60<\/td>\n<td valign=\"top\" width=\"114\">330<\/td>\n<td valign=\"top\" width=\"114\">180<\/td>\n<td valign=\"top\" width=\"114\">EN545 B<\/td>\n<\/tr>\n<tr>\n<td valign=\"top\" width=\"114\">400<\/td>\n<td valign=\"top\" width=\"114\">180<\/td>\n<td valign=\"top\" width=\"114\">EN545<\/td>\n<\/tr>\n<tr>\n<td rowspan=\"2\" width=\"114\">80<\/td>\n<td valign=\"top\" width=\"114\">350<\/td>\n<td valign=\"top\" width=\"114\">185<\/td>\n<td width=\"114\">EN545 B<\/td>\n<\/tr>\n<tr>\n<td valign=\"top\" width=\"114\">400<\/td>\n<td valign=\"top\" width=\"114\">190<\/td>\n<td valign=\"top\" width=\"114\">EN545 A<\/td>\n<\/tr>\n<tr>\n<td rowspan=\"2\" width=\"114\">100<\/td>\n<td valign=\"top\" width=\"114\">370<\/td>\n<td valign=\"top\" width=\"114\">195<\/td>\n<td width=\"114\">EN545 B<\/td>\n<\/tr>\n<tr>\n<td valign=\"top\" width=\"114\">400<\/td>\n<td valign=\"top\" width=\"114\">195<\/td>\n<td valign=\"top\" width=\"114\">EN545 A<\/td>\n<\/tr>\n<tr>\n<td width=\"114\">125<\/td>\n<td valign=\"top\" width=\"114\">400<\/td>\n<td valign=\"top\" width=\"114\">200<\/td>\n<td valign=\"top\" width=\"114\">EN545 A\/B<\/td>\n<\/tr>\n<tr>\n<td rowspan=\"12\" width=\"114\">150<\/td>\n<td rowspan=\"2\" width=\"114\">50<\/td>\n<td valign=\"top\" width=\"114\">335<\/td>\n<td valign=\"top\" width=\"114\">175<\/td>\n<td valign=\"top\" width=\"114\">EN545<\/td>\n<\/tr>\n<tr>\n<td valign=\"top\" width=\"114\">440<\/td>\n<td valign=\"top\" width=\"114\">200<\/td>\n<td valign=\"top\" width=\"114\">EN545<\/td>\n<\/tr>\n<tr>\n<td rowspan=\"2\" width=\"114\">60<\/td>\n<td valign=\"top\" width=\"114\">340<\/td>\n<td valign=\"top\" width=\"114\">190<\/td>\n<td valign=\"top\" width=\"114\">EN545 B<\/td>\n<\/tr>\n<tr>\n<td valign=\"top\" width=\"114\">440<\/td>\n<td valign=\"top\" width=\"114\">195<\/td>\n<td valign=\"top\" width=\"114\">EN545<\/td>\n<\/tr>\n<tr>\n<td width=\"114\">65<\/td>\n<td valign=\"top\" width=\"114\">440<\/td>\n<td valign=\"top\" width=\"114\">195<\/td>\n<td valign=\"top\" width=\"114\">EN545<\/td>\n<\/tr>\n<tr>\n<td rowspan=\"2\" width=\"114\">80<\/td>\n<td valign=\"top\" width=\"114\">360<\/td>\n<td valign=\"top\" width=\"114\">200<\/td>\n<td width=\"114\">EN545 B<\/td>\n<\/tr>\n<tr>\n<td valign=\"top\" width=\"114\">440<\/td>\n<td valign=\"top\" width=\"114\">205<\/td>\n<td valign=\"top\" width=\"114\">EN545 A<\/td>\n<\/tr>\n<tr>\n<td rowspan=\"2\" width=\"114\">100<\/td>\n<td valign=\"top\" width=\"114\">380<\/td>\n<td valign=\"top\" width=\"114\">205<\/td>\n<td width=\"114\">EN545 B<\/td>\n<\/tr>\n<tr>\n<td valign=\"top\" width=\"114\">440<\/td>\n<td valign=\"top\" width=\"114\">210<\/td>\n<td valign=\"top\" width=\"114\">EN545 A<\/td>\n<\/tr>\n<tr>\n<td width=\"114\">125<\/td>\n<td valign=\"top\" width=\"114\">410<\/td>\n<td valign=\"top\" width=\"114\">215<\/td>\n<td valign=\"top\" width=\"114\">EN545 B<\/td>\n<\/tr>\n<tr>\n<td rowspan=\"2\" width=\"114\">150<\/td>\n<td valign=\"top\" width=\"114\">390<\/td>\n<td valign=\"top\" width=\"114\">195<\/td>\n<td valign=\"top\" width=\"114\">EN545<\/td>\n<\/tr>\n<tr>\n<td valign=\"top\" width=\"114\">440<\/td>\n<td valign=\"top\" width=\"114\">220<\/td>\n<td valign=\"top\" width=\"114\">EN545 A\/B<\/td>\n<\/tr>\n<tr>\n<td rowspan=\"13\" width=\"114\">200<\/td>\n<td width=\"114\">50<\/td>\n<td width=\"114\">520<\/td>\n<td width=\"114\">220<\/td>\n<td width=\"114\">EN545<\/td>\n<\/tr>\n<tr>\n<td rowspan=\"2\" width=\"114\">60<\/td>\n<td width=\"114\">365<\/td>\n<td width=\"114\">215<\/td>\n<td width=\"114\">EN545 B<\/td>\n<\/tr>\n<tr>\n<td width=\"114\">520<\/td>\n<td width=\"114\">220<\/td>\n<td width=\"114\">EN545<\/td>\n<\/tr>\n<tr>\n<td width=\"114\">65<\/td>\n<td width=\"114\">520<\/td>\n<td width=\"114\">220<\/td>\n<td width=\"114\">EN545<\/td>\n<\/tr>\n<tr>\n<td rowspan=\"2\" width=\"114\">80<\/td>\n<td width=\"114\">380<\/td>\n<td width=\"114\">225<\/td>\n<td width=\"114\">EN545 B<\/td>\n<\/tr>\n<tr>\n<td width=\"114\">520<\/td>\n<td width=\"114\">235<\/td>\n<td width=\"114\">EN545 A<\/td>\n<\/tr>\n<tr>\n<td rowspan=\"2\" width=\"114\">100<\/td>\n<td width=\"114\">400<\/td>\n<td width=\"114\">230<\/td>\n<td width=\"114\">EN545 B<\/td>\n<\/tr>\n<tr>\n<td width=\"114\">520<\/td>\n<td width=\"114\">240<\/td>\n<td width=\"114\">EN545 A<\/td>\n<\/tr>\n<tr>\n<td width=\"114\">125<\/td>\n<td width=\"114\">520<\/td>\n<td width=\"114\">240<\/td>\n<td width=\"114\">EN545<\/td>\n<\/tr>\n<tr>\n<td rowspan=\"2\" width=\"114\">150<\/td>\n<td width=\"114\">460<\/td>\n<td width=\"114\">245<\/td>\n<td width=\"114\">EN545 B<\/td>\n<\/tr>\n<tr>\n<td width=\"114\">520<\/td>\n<td width=\"114\">250<\/td>\n<td width=\"114\">EN545 A<\/td>\n<\/tr>\n<tr>\n<td rowspan=\"2\" width=\"114\">200<\/td>\n<td width=\"114\">460<\/td>\n<td width=\"114\">230<\/td>\n<td width=\"114\">EN545<\/td>\n<\/tr>\n<tr>\n<td width=\"114\">520<\/td>\n<td width=\"114\">260<\/td>\n<td width=\"114\">EN545 A\/B<\/td>\n<\/tr>\n<\/tbody>\n<\/table>\n<\/div>\n<p>&nbsp;<\/p>\n<p><strong>Merkmale<\/strong><\/p>\n<p>1-PN10\/16\/25\/40 Betriebsdruck.<\/p>\n<p>2-Sph\u00e4roguss mit FBE-Beschichtung<\/p>","protected":false},"excerpt":{"rendered":"<p>Rohrverbinder, auch Rohrverbinder genannt, verbinden ein Rohr mit einem anderen, um die Strecke zu verl\u00e4ngern oder die Flie\u00dfrichtung in einem Sanit\u00e4rsystem zu \u00e4ndern. Sie dienen dazu, den Wasserfluss zu b\u00fcndeln, umzuleiten oder zu reduzieren. Sie sind in verschiedenen Gr\u00f6\u00dfen erh\u00e4ltlich, passend zum jeweiligen Rohr.<\/p>","protected":false},"featured_media":2438,"template":"","meta":[],"product_brand":[],"product_cat":[175,158],"product_tag":[231,238,240],"class_list":{"0":"post-2435","1":"product","2":"type-product","3":"status-publish","4":"has-post-thumbnail","6":"product_cat-ductile-iron-flange-pipe-fittings","7":"product_cat-pipe-fittings","8":"product_tag-flange","9":"product_tag-ductile-iron","10":"product_tag-pipe-fittings","12":"first","13":"instock","14":"shipping-taxable","15":"product-type-simple"},"aioseo_notices":[],"_links":{"self":[{"href":"https:\/\/www.okval.com\/de\/wp-json\/wp\/v2\/product\/2435","targetHints":{"allow":["GET"]}}],"collection":[{"href":"https:\/\/www.okval.com\/de\/wp-json\/wp\/v2\/product"}],"about":[{"href":"https:\/\/www.okval.com\/de\/wp-json\/wp\/v2\/types\/product"}],"wp:featuredmedia":[{"embeddable":true,"href":"https:\/\/www.okval.com\/de\/wp-json\/wp\/v2\/media\/2438"}],"wp:attachment":[{"href":"https:\/\/www.okval.com\/de\/wp-json\/wp\/v2\/media?parent=2435"}],"wp:term":[{"taxonomy":"product_brand","embeddable":true,"href":"https:\/\/www.okval.com\/de\/wp-json\/wp\/v2\/product_brand?post=2435"},{"taxonomy":"product_cat","embeddable":true,"href":"https:\/\/www.okval.com\/de\/wp-json\/wp\/v2\/product_cat?post=2435"},{"taxonomy":"product_tag","embeddable":true,"href":"https:\/\/www.okval.com\/de\/wp-json\/wp\/v2\/product_tag?post=2435"}],"curies":[{"name":"wp","href":"https:\/\/api.w.org\/{rel}","templated":true}]}}