{"id":2431,"date":"2024-03-27T10:30:43","date_gmt":"2024-03-27T02:30:43","guid":{"rendered":"https:\/\/www.okval.com\/?post_type=product&#038;p=2431"},"modified":"2024-04-01T22:25:17","modified_gmt":"2024-04-01T14:25:17","slug":"reparaturklemme","status":"publish","type":"product","link":"https:\/\/www.okval.com\/de\/reparaturklemme-html","title":{"rendered":"Reparaturklammer"},"content":{"rendered":"<p><strong>Besonderheit<\/strong><\/p>\n<p><span class=\"fontstyle0\">\u2022Typ: CR1, CR2, CR3<br \/>\n\u2022 Gr\u00f6\u00dfe: DN40-1200 entsprechend Ihrer Anfrage<br \/>\n\u2022 L\u00e4nge: 150, 200, 300, 400, 600 mm<br \/>\n<\/span><span class=\"fontstyle0\">\u2022 <\/span>Reichweite: je nach Anfrage unterschiedlich<br \/>\n<span class=\"fontstyle0\">\u2022 Nenndruck: PN10\/16<br \/>\n\u2022 Schrauben\/Muttern: SS304, SS201, Kohlenstoffstahl verzinkt.<br \/>\n\u2022 Dichtung: EPDM\/NBR<\/span><\/p>\n<p><b>Technische Parameter<\/b><\/p>\n<p><strong>1-Zeichnung<\/strong><img decoding=\"async\" src=\"https:\/\/www.ametekiron.com\/Content\/uploads\/2021677727\/2021030519113596e9059a7d1942d7abe76815bbdd0ea5.jpg\" alt=\"Zeichnung einer Reparaturklemme aus duktilem Eisenband\" \/><\/p>\n<p><strong>2-Materialspezifikation<\/strong><\/p>\n<div class=\"table-responsive\">\n<table class=\"table\" border=\"0\" width=\"100%\" cellspacing=\"0\" cellpadding=\"0\">\n<colgroup>\n<col \/>\n<col \/>\n<col \/><\/colgroup>\n<tbody>\n<tr class=\"firstRow\">\n<td align=\"center\" valign=\"middle\">NEIN.<\/td>\n<td align=\"center\" valign=\"middle\">Teilename<\/td>\n<td align=\"center\" valign=\"middle\">Material<\/td>\n<\/tr>\n<tr>\n<td align=\"center\" valign=\"middle\">1<\/td>\n<td align=\"center\" valign=\"middle\">Br\u00fcckenplatte<\/td>\n<td align=\"center\" valign=\"middle\">Edelstahl<\/td>\n<\/tr>\n<tr>\n<td align=\"center\" valign=\"middle\">2<\/td>\n<td align=\"center\" valign=\"middle\">\u00d6sen<\/td>\n<td align=\"center\" valign=\"middle\">Sph\u00e4roguss<\/td>\n<\/tr>\n<tr>\n<td align=\"center\" valign=\"middle\">3<\/td>\n<td align=\"center\" valign=\"middle\">Bolzen<\/td>\n<td align=\"center\" valign=\"middle\">Edelstahl<\/td>\n<\/tr>\n<tr>\n<td align=\"center\" valign=\"middle\">4<\/td>\n<td align=\"center\" valign=\"middle\">Waschmaschine<\/td>\n<td align=\"center\" valign=\"middle\">Edelstahl<\/td>\n<\/tr>\n<tr>\n<td align=\"center\" valign=\"middle\">5<\/td>\n<td align=\"center\" valign=\"middle\">Nuss<\/td>\n<td align=\"center\" valign=\"middle\">Edelstahl<\/td>\n<\/tr>\n<tr>\n<td align=\"center\" valign=\"middle\">6<\/td>\n<td align=\"center\" valign=\"middle\">Schutzkappe<\/td>\n<td align=\"center\" valign=\"middle\">Plastik<\/td>\n<\/tr>\n<tr>\n<td align=\"center\" valign=\"middle\">7<\/td>\n<td align=\"center\" valign=\"middle\">Haut<\/td>\n<td align=\"center\" valign=\"middle\">Edelstahl<\/td>\n<\/tr>\n<tr>\n<td align=\"center\" valign=\"middle\">8<\/td>\n<td align=\"center\" valign=\"middle\">Dichtungsgummi<\/td>\n<td align=\"center\" valign=\"middle\">EPDM\/NBR<\/td>\n<\/tr>\n<\/tbody>\n<\/table>\n<\/div>\n<p><strong>3-dimensional (mm)<\/strong><\/p>\n<table class=\"NormalTable\">\n<tbody>\n<tr>\n<td width=\"180\"><span class=\"fontstyle0\">OD-Bereich <\/span><\/td>\n<td width=\"179\"><span class=\"fontstyle0\">L\u00e4nge <\/span><\/td>\n<td width=\"180\"><span class=\"fontstyle0\">Verschraubung <\/span><\/td>\n<td width=\"180\"><span class=\"fontstyle0\">Arbeitsdruck<\/span><\/td>\n<\/tr>\n<tr>\n<td width=\"180\"><span class=\"fontstyle2\">30-35 <\/span><\/td>\n<td width=\"179\"><span class=\"fontstyle2\">150.200.300.400.600 <\/span><\/td>\n<td width=\"180\"><span class=\"fontstyle2\">5\/8\u2033,M16,M14,M12 <\/span><\/td>\n<td width=\"180\"><span class=\"fontstyle2\">PN10\/16<\/span><\/td>\n<\/tr>\n<tr>\n<td width=\"180\"><span class=\"fontstyle2\">35-40 <\/span><\/td>\n<td width=\"179\"><span class=\"fontstyle2\">150.200.300.400.600 <\/span><\/td>\n<td width=\"180\"><span class=\"fontstyle2\">5\/8\u2033,M16,M14,M12 <\/span><\/td>\n<td width=\"180\"><span class=\"fontstyle2\">PN10\/16<\/span><\/td>\n<\/tr>\n<tr>\n<td width=\"180\"><span class=\"fontstyle2\">40-45 <\/span><\/td>\n<td width=\"179\"><span class=\"fontstyle2\">150.200.300.400.600 <\/span><\/td>\n<td width=\"180\"><span class=\"fontstyle2\">5\/8\u2033,M16,M14,M12 <\/span><\/td>\n<td width=\"180\"><span class=\"fontstyle2\">PN10\/16<\/span><\/td>\n<\/tr>\n<tr>\n<td width=\"180\"><span class=\"fontstyle2\">45-50 <\/span><\/td>\n<td width=\"179\"><span class=\"fontstyle2\">150.200.300.400.600 <\/span><\/td>\n<td width=\"180\"><span class=\"fontstyle2\">5\/8\u2033,M16,M14,M12 <\/span><\/td>\n<td width=\"180\"><span class=\"fontstyle2\">PN10\/16<\/span><\/td>\n<\/tr>\n<tr>\n<td width=\"180\"><span class=\"fontstyle2\">50-55 <\/span><\/td>\n<td width=\"179\"><span class=\"fontstyle2\">150.200.300.400.600 <\/span><\/td>\n<td width=\"180\"><span class=\"fontstyle2\">5\/8\u2033,M16,M14,M12 <\/span><\/td>\n<td width=\"180\"><span class=\"fontstyle2\">PN10\/16<\/span><\/td>\n<\/tr>\n<tr>\n<td width=\"180\"><span class=\"fontstyle2\">55-60 <\/span><\/td>\n<td width=\"179\"><span class=\"fontstyle2\">150.200.300.400.600 <\/span><\/td>\n<td width=\"180\"><span class=\"fontstyle2\">5\/8\u2033,M16,M14,M12 <\/span><\/td>\n<td width=\"180\"><span class=\"fontstyle2\">PN10\/16<\/span><\/td>\n<\/tr>\n<tr>\n<td width=\"180\"><span class=\"fontstyle2\">60-67 <\/span><\/td>\n<td width=\"179\"><span class=\"fontstyle2\">150.200.300.400.600 <\/span><\/td>\n<td width=\"180\"><span class=\"fontstyle2\">5\/8\u2033,M16,M14,M12 <\/span><\/td>\n<td width=\"180\"><span class=\"fontstyle2\">PN10\/16<\/span><\/td>\n<\/tr>\n<tr>\n<td width=\"180\"><span class=\"fontstyle2\">75-85 <\/span><\/td>\n<td width=\"179\"><span class=\"fontstyle2\">150.200.300.400.600 <\/span><\/td>\n<td width=\"180\"><span class=\"fontstyle2\">5\/8\u2033,M16,M14,M12 <\/span><\/td>\n<td width=\"180\"><span class=\"fontstyle2\">PN10\/16<\/span><\/td>\n<\/tr>\n<tr>\n<td width=\"180\"><span class=\"fontstyle2\">88-98 <\/span><\/td>\n<td width=\"179\"><span class=\"fontstyle2\">150.200.300.400.600 <\/span><\/td>\n<td width=\"180\"><span class=\"fontstyle2\">5\/8\u2033,M16,M14,M12 <\/span><\/td>\n<td width=\"180\"><span class=\"fontstyle2\">PN10\/16<\/span><\/td>\n<\/tr>\n<tr>\n<td width=\"180\"><span class=\"fontstyle2\">95-105 <\/span><\/td>\n<td width=\"179\"><span class=\"fontstyle2\">150.200.300.400.600 <\/span><\/td>\n<td width=\"180\"><span class=\"fontstyle2\">5\/8\u2033,M16,M14,M12 <\/span><\/td>\n<td width=\"180\"><span class=\"fontstyle2\">PN10\/16<\/span><\/td>\n<\/tr>\n<tr>\n<td width=\"180\"><span class=\"fontstyle2\">108-118 <\/span><\/td>\n<td width=\"179\"><span class=\"fontstyle2\">150.200.300.400.600 <\/span><\/td>\n<td width=\"180\"><span class=\"fontstyle2\">5\/8\u2033,M16,M14,M12 <\/span><\/td>\n<td width=\"180\"><span class=\"fontstyle2\">PN10<\/span><\/td>\n<\/tr>\n<tr>\n<td width=\"180\"><span class=\"fontstyle2\">115-128 <\/span><\/td>\n<td width=\"179\"><span class=\"fontstyle2\">150.200.300.400.600 <\/span><\/td>\n<td width=\"180\"><span class=\"fontstyle2\">5\/8\u2033,M16,M14,M12 <\/span><\/td>\n<td width=\"180\"><span class=\"fontstyle2\">PN10<\/span><\/td>\n<\/tr>\n<tr>\n<td width=\"180\"><span class=\"fontstyle2\">126-136 <\/span><\/td>\n<td width=\"179\"><span class=\"fontstyle2\">150.200.300.400.600 <\/span><\/td>\n<td width=\"180\"><span class=\"fontstyle2\">5\/8\u2033,M16,M14,M12 <\/span><\/td>\n<td width=\"180\"><span class=\"fontstyle2\">PN10<\/span><\/td>\n<\/tr>\n<tr>\n<td width=\"180\"><span class=\"fontstyle2\">132-142 <\/span><\/td>\n<td width=\"179\"><span class=\"fontstyle2\">150.200.300.400.600 <\/span><\/td>\n<td width=\"180\"><span class=\"fontstyle2\">5\/8\u2033,M16,M14,M12 <\/span><\/td>\n<td width=\"180\"><span class=\"fontstyle2\">PN10<\/span><\/td>\n<\/tr>\n<tr>\n<td width=\"180\"><span class=\"fontstyle2\">151-161 <\/span><\/td>\n<td width=\"179\"><span class=\"fontstyle2\">150.200.300.400.600 <\/span><\/td>\n<td width=\"180\"><span class=\"fontstyle2\">5\/8\u2033,M16,M14,M12 <\/span><\/td>\n<td width=\"180\"><span class=\"fontstyle2\">PN10<\/span><\/td>\n<\/tr>\n<tr>\n<td width=\"180\"><span class=\"fontstyle2\">158-172 <\/span><\/td>\n<td width=\"179\"><span class=\"fontstyle2\">150.200.300.400.600 <\/span><\/td>\n<td width=\"180\"><span class=\"fontstyle2\">5\/8\u2033,M16,M14,M12 <\/span><\/td>\n<td width=\"180\"><span class=\"fontstyle2\">PN10<\/span><\/td>\n<\/tr>\n<tr>\n<td width=\"180\"><span class=\"fontstyle2\">168-182 <\/span><\/td>\n<td width=\"179\"><span class=\"fontstyle2\">150.200.300.400.600 <\/span><\/td>\n<td width=\"180\"><span class=\"fontstyle2\">5\/8\u2033,M16,M14,M12 <\/span><\/td>\n<td width=\"180\"><span class=\"fontstyle2\">PN10<\/span><\/td>\n<\/tr>\n<tr>\n<td width=\"180\"><span class=\"fontstyle2\">179-189 <\/span><\/td>\n<td width=\"179\"><span class=\"fontstyle2\">150.200.300.400.600 <\/span><\/td>\n<td width=\"180\"><span class=\"fontstyle2\">5\/8\u2033,M16,M14,M12 <\/span><\/td>\n<td width=\"180\"><span class=\"fontstyle2\">PN10<\/span><\/td>\n<\/tr>\n<tr>\n<td width=\"180\"><span class=\"fontstyle2\">193-203 <\/span><\/td>\n<td width=\"179\"><span class=\"fontstyle2\">150.200.300.400.600 <\/span><\/td>\n<td width=\"180\"><span class=\"fontstyle2\">5\/8\u2033,M16,M14,M12 <\/span><\/td>\n<td width=\"180\"><span class=\"fontstyle2\">PN10<\/span><\/td>\n<\/tr>\n<tr>\n<td width=\"180\"><span class=\"fontstyle2\">202-212 <\/span><\/td>\n<td width=\"179\"><span class=\"fontstyle2\">150.200.300.400.600 <\/span><\/td>\n<td width=\"180\"><span class=\"fontstyle2\">5\/8\u2033,M16,M14,M12 <\/span><\/td>\n<td width=\"180\"><span class=\"fontstyle2\">PN10<\/span><\/td>\n<\/tr>\n<tr>\n<td width=\"180\"><span class=\"fontstyle2\">217-229 <\/span><\/td>\n<td width=\"179\"><span class=\"fontstyle2\">150.200.300.400.600 <\/span><\/td>\n<td width=\"180\"><span class=\"fontstyle2\">5\/8\u2033,M16,M14,M12 <\/span><\/td>\n<td width=\"180\"><span class=\"fontstyle2\">PN10<\/span><\/td>\n<\/tr>\n<tr>\n<td width=\"180\"><span class=\"fontstyle2\">225-240 <\/span><\/td>\n<td width=\"179\"><span class=\"fontstyle2\">150.200.300.400.600 <\/span><\/td>\n<td width=\"180\"><span class=\"fontstyle2\">5\/8\u2033,M16,M14,M12 <\/span><\/td>\n<td width=\"180\"><span class=\"fontstyle2\">PN10<\/span><\/td>\n<\/tr>\n<tr>\n<td width=\"180\"><span class=\"fontstyle2\">245-260 <\/span><\/td>\n<td width=\"179\"><span class=\"fontstyle2\">150.200.300.400.600 <\/span><\/td>\n<td width=\"180\"><span class=\"fontstyle2\">5\/8\u2033,M16,M14,M12 <\/span><\/td>\n<td width=\"180\"><span class=\"fontstyle2\">PN6\/10<\/span><\/td>\n<\/tr>\n<tr>\n<td width=\"180\"><span class=\"fontstyle2\">270-288 <\/span><\/td>\n<td width=\"179\"><span class=\"fontstyle2\">150.200.300.400.600 <\/span><\/td>\n<td width=\"180\"><span class=\"fontstyle2\">5\/8\u2033,M16,M14,M12 <\/span><\/td>\n<td width=\"180\"><span class=\"fontstyle2\">PN6\/10<\/span><\/td>\n<\/tr>\n<tr>\n<td width=\"180\"><span class=\"fontstyle2\">288-302 <\/span><\/td>\n<td width=\"179\"><span class=\"fontstyle2\">150.200.300.400.600 <\/span><\/td>\n<td width=\"180\"><span class=\"fontstyle2\">5\/8\u2033,M16,M14,M12 <\/span><\/td>\n<td width=\"180\"><span class=\"fontstyle2\">PN6\/10<\/span><\/td>\n<\/tr>\n<tr>\n<td width=\"180\"><span class=\"fontstyle2\">304-320 <\/span><\/td>\n<td width=\"179\"><span class=\"fontstyle2\">150.200.300.400.600 <\/span><\/td>\n<td width=\"180\"><span class=\"fontstyle2\">5\/8\u2033,M16,M14,M12 <\/span><\/td>\n<td width=\"180\"><span class=\"fontstyle2\">PN6\/10<\/span><\/td>\n<\/tr>\n<tr>\n<td width=\"180\"><span class=\"fontstyle2\">323-336 <\/span><\/td>\n<td width=\"179\"><span class=\"fontstyle2\">150.200.300.400.600 <\/span><\/td>\n<td width=\"180\"><span class=\"fontstyle2\">5\/8\u2033,M16,M14,M12 <\/span><\/td>\n<td width=\"180\"><span class=\"fontstyle2\">PN6\/10<\/span><\/td>\n<\/tr>\n<tr>\n<td width=\"180\"><span class=\"fontstyle2\">340-355 <\/span><\/td>\n<td width=\"179\"><span class=\"fontstyle2\">150.200.300.400.600 <\/span><\/td>\n<td width=\"180\"><span class=\"fontstyle2\">5\/8\u2033,M16,M14,M12 <\/span><\/td>\n<td width=\"180\"><span class=\"fontstyle2\">PN6\/10<\/span><\/td>\n<\/tr>\n<\/tbody>\n<\/table>\n<p>&nbsp;<\/p>","protected":false},"excerpt":{"rendered":"<p>Eine Reparaturschelle ist eine praktische L\u00f6sung zur Behebung von Lecks, Rissen oder kompletten Br\u00fcchen in Rohren. Diese Schellen sind f\u00fcr eine dauerhafte Reparatur konzipiert und werden h\u00e4ufig in verschiedenen Anwendungen eingesetzt.<\/p>","protected":false},"featured_media":2433,"template":"","meta":[],"product_brand":[],"product_cat":[157],"product_tag":[242],"class_list":{"0":"post-2431","1":"product","2":"type-product","3":"status-publish","4":"has-post-thumbnail","6":"product_cat-repair-clamp","7":"product_tag-repair-clamp","9":"first","10":"instock","11":"shipping-taxable","12":"product-type-simple"},"aioseo_notices":[],"_links":{"self":[{"href":"https:\/\/www.okval.com\/de\/wp-json\/wp\/v2\/product\/2431","targetHints":{"allow":["GET"]}}],"collection":[{"href":"https:\/\/www.okval.com\/de\/wp-json\/wp\/v2\/product"}],"about":[{"href":"https:\/\/www.okval.com\/de\/wp-json\/wp\/v2\/types\/product"}],"wp:featuredmedia":[{"embeddable":true,"href":"https:\/\/www.okval.com\/de\/wp-json\/wp\/v2\/media\/2433"}],"wp:attachment":[{"href":"https:\/\/www.okval.com\/de\/wp-json\/wp\/v2\/media?parent=2431"}],"wp:term":[{"taxonomy":"product_brand","embeddable":true,"href":"https:\/\/www.okval.com\/de\/wp-json\/wp\/v2\/product_brand?post=2431"},{"taxonomy":"product_cat","embeddable":true,"href":"https:\/\/www.okval.com\/de\/wp-json\/wp\/v2\/product_cat?post=2431"},{"taxonomy":"product_tag","embeddable":true,"href":"https:\/\/www.okval.com\/de\/wp-json\/wp\/v2\/product_tag?post=2431"}],"curies":[{"name":"wp","href":"https:\/\/api.w.org\/{rel}","templated":true}]}}