{"id":2429,"date":"2024-03-27T10:18:28","date_gmt":"2024-03-27T02:18:28","guid":{"rendered":"https:\/\/www.okval.com\/?post_type=product&#038;p=2429"},"modified":"2024-12-15T23:31:22","modified_gmt":"2024-12-15T15:31:22","slug":"kommode-kupplung","status":"publish","type":"product","link":"https:\/\/www.okval.com\/de\/kommode-kupplung-html","title":{"rendered":"Dresser-H\u00fclsenkupplung (VERSCHRAUBTE H\u00dcLSENKUPPLUNG)"},"content":{"rendered":"<p><span style=\"color: #ff0000;\"><a style=\"color: #ff0000;\" href=\"https:\/\/www.okval.com\/wp-content\/uploads\/2024\/03\/Dresser-coupling.pdf\">OKVAL Dresser-Kupplung (VERSCHRAUBTE H\u00dcLSENKUPPLUNG)<\/a><\/span><\/p>\n<p>\u25a0 Funktionen<br \/>\n\u2022 Gr\u00f6\u00dfen: 2\u2033 \u2013 12\u2033<br \/>\n\u2022 L\u00e4ngen: 2\u2033 \u2013 24\u2033<br \/>\n\u2022 Druckbewertung:<br \/>\n\u2022 2\u2033 \u2013 2,5\u2033: 250 psi<br \/>\n\u2022 3\u2033 \u2013 16\u2033: 300 psi<br \/>\n\u2022 Material:<br \/>\n\u2022 H\u00fclse: Kohlenstoffstahl ASTM A192<br \/>\n\u2022 Schraube\/Mutter: Verzinkter Kohlenstoffstahl ASTM A307<br \/>\n\u2022 St\u00f6\u00dfel\/Stopfbuchse: Sph\u00e4roguss ASTM A395<br \/>\n\u2022 Dichtung: Buna (-20 \u00b0F bis 200 \u00b0F) EPDM \/ NBR\/Viton\/ Dichtung<\/p>\n<p>\u25a0 Hauptteile und Materialien<\/p>\n<p>\u00b7 Zylindrischer Mittelring: Dieser Mittelring verbindet die beiden Rohrenden.<br \/>\n\u00b7 Mitnehmerringe: Es gibt zwei Mitnehmerringe, einen auf jeder Seite des mittleren Rings. Sie helfen, die Rohre zu sichern.<br \/>\n\u00b7 Elastische Dichtungen: Diese speziellen Dresser-Verbunddichtungen absorbieren Vibrationen und Bewegungen und sorgen gleichzeitig f\u00fcr eine dichte Abdichtung.<br \/>\n\u00b7 Stahl-Kettenkopfschrauben: Diese Schrauben halten die Kupplung zusammen.<\/p>\n<p><img decoding=\"async\" class=\"alignnone wp-image-2796\" src=\"https:\/\/www.okval.com\/wp-content\/uploads\/2024\/03\/\u56fe\u7eb8.jpg\" alt=\"\" width=\"258\" height=\"249\" srcset=\"https:\/\/www.okval.com\/wp-content\/uploads\/2024\/03\/\u56fe\u7eb8.jpg 815w, https:\/\/www.okval.com\/wp-content\/uploads\/2024\/03\/\u56fe\u7eb8-300x289.jpg 300w, https:\/\/www.okval.com\/wp-content\/uploads\/2024\/03\/\u56fe\u7eb8-768x741.jpg 768w, https:\/\/www.okval.com\/wp-content\/uploads\/2024\/03\/\u56fe\u7eb8-12x12.jpg 12w, https:\/\/www.okval.com\/wp-content\/uploads\/2024\/03\/\u56fe\u7eb8-600x579.jpg 600w, https:\/\/www.okval.com\/wp-content\/uploads\/2024\/03\/\u56fe\u7eb8-150x145.jpg 150w\" sizes=\"(max-width: 258px) 100vw, 258px\" \/><\/p>\n<p>Gelenke<strong>\u25a0 Abmessungen (mm):<\/strong><\/p>\n<table style=\"border-collapse: collapse; width: 476.52pt;\" border=\"0\" width=\"953\" cellspacing=\"0\" cellpadding=\"0\">\n<tbody>\n<tr style=\"height: 18.00pt;\">\n<td class=\"et3\" style=\"height: 18.00pt; width: 58.45pt;\" width=\"116\" height=\"36\">Gr\u00f6\u00dfe<\/td>\n<td class=\"et3\" style=\"width: 58.45pt;\" width=\"116\">Rohrau\u00dfendurchmesser<\/td>\n<td class=\"et3\" style=\"width: 58.45pt;\" width=\"116\">OD<\/td>\n<td class=\"et3\" style=\"width: 58.45pt;\" width=\"116\">L\u00e4nge<\/td>\n<td class=\"et2\" style=\"width: 8.95pt;\" width=\"17\"><\/td>\n<td class=\"et3\" style=\"width: 58.45pt;\" width=\"116\">Gr\u00f6\u00dfe<\/td>\n<td class=\"et3\" style=\"width: 58.45pt;\" width=\"116\">Rohrau\u00dfendurchmesser<\/td>\n<td class=\"et3\" style=\"width: 58.45pt;\" width=\"116\">OD<\/td>\n<td class=\"et3\" style=\"width: 58.45pt;\" width=\"116\">L\u00e4nge<\/td>\n<\/tr>\n<tr style=\"height: 18.00pt;\">\n<td class=\"et4\" style=\"height: 18.00pt;\" height=\"36\">Zoll<\/td>\n<td class=\"et4\">Zoll<\/td>\n<td class=\"et4\">mm<\/td>\n<td class=\"et4\">mm<\/td>\n<td class=\"et2\"><\/td>\n<td class=\"et4\">Zoll<\/td>\n<td class=\"et4\">Zoll<\/td>\n<td class=\"et4\">mm<\/td>\n<td class=\"et4\">mm<\/td>\n<\/tr>\n<tr style=\"height: 18.00pt;\">\n<td class=\"et5\" style=\"height: 18.00pt;\" height=\"36\">2\u2033<\/td>\n<td class=\"et5\">2,38\u2033<\/td>\n<td class=\"et5\">60.3<\/td>\n<td class=\"et5\">4\u2033<\/td>\n<td class=\"et2\"><\/td>\n<td class=\"et5\">4\u2033<\/td>\n<td class=\"et5\">4,5\u2033<\/td>\n<td class=\"et5\">114.3<\/td>\n<td class=\"et5\">24\u2033<\/td>\n<\/tr>\n<tr style=\"height: 18.00pt;\">\n<td class=\"et6\" style=\"height: 18.00pt;\" height=\"36\">2\u2033<\/td>\n<td class=\"et6\">2,38\u2033<\/td>\n<td class=\"et6\">60.3<\/td>\n<td class=\"et6\">5\u2033<\/td>\n<td class=\"et2\"><\/td>\n<td class=\"et6\">5\u2033<\/td>\n<td class=\"et6\">5,56\u2033<\/td>\n<td class=\"et6\">139.7<\/td>\n<td class=\"et6\">12\u2033<\/td>\n<\/tr>\n<tr style=\"height: 18.00pt;\">\n<td class=\"et5\" style=\"height: 18.00pt;\" height=\"36\">2\u2033<\/td>\n<td class=\"et5\">2,38\u2033<\/td>\n<td class=\"et5\">60.3<\/td>\n<td class=\"et5\">7\u2033<\/td>\n<td class=\"et2\"><\/td>\n<td class=\"et5\">6\u2033<\/td>\n<td class=\"et5\">6,63\u2033<\/td>\n<td class=\"et5\">168.3<\/td>\n<td class=\"et5\">4\u2033<\/td>\n<\/tr>\n<tr style=\"height: 18.00pt;\">\n<td class=\"et6\" style=\"height: 18.00pt;\" height=\"36\">2\u2033<\/td>\n<td class=\"et6\">2,38\u2033<\/td>\n<td class=\"et6\">60.3<\/td>\n<td class=\"et6\">12\u2033<\/td>\n<td class=\"et2\"><\/td>\n<td class=\"et6\">6\u2033<\/td>\n<td class=\"et6\">6,63\u2033<\/td>\n<td class=\"et6\">168.3<\/td>\n<td class=\"et6\">5\u2033<\/td>\n<\/tr>\n<tr style=\"height: 18.00pt;\">\n<td class=\"et5\" style=\"height: 18.00pt;\" height=\"36\">2\u2033<\/td>\n<td class=\"et5\">2,38\u2033<\/td>\n<td class=\"et5\">60.3<\/td>\n<td class=\"et5\">14\u2033<\/td>\n<td class=\"et2\"><\/td>\n<td class=\"et5\">6\u2033<\/td>\n<td class=\"et5\">6,63\u2033<\/td>\n<td class=\"et5\">168.3<\/td>\n<td class=\"et5\">7\u2033<\/td>\n<\/tr>\n<tr style=\"height: 18.00pt;\">\n<td class=\"et6\" style=\"height: 18.00pt;\" height=\"36\">21\/2\u2033<\/td>\n<td class=\"et6\">2,5\u2033<\/td>\n<td class=\"et6\">76.1<\/td>\n<td class=\"et6\">7\u2033<\/td>\n<td class=\"et2\"><\/td>\n<td class=\"et6\">6\u2033<\/td>\n<td class=\"et6\">6,63\u2033<\/td>\n<td class=\"et6\">168.3<\/td>\n<td class=\"et6\">12\u2033<\/td>\n<\/tr>\n<tr style=\"height: 18.00pt;\">\n<td class=\"et5\" style=\"height: 18.00pt;\" height=\"36\">21\/2\u2033<\/td>\n<td class=\"et5\">2,5\u2033<\/td>\n<td class=\"et5\">76.1<\/td>\n<td class=\"et5\">12\u2033<\/td>\n<td class=\"et2\"><\/td>\n<td class=\"et5\">6\u2033<\/td>\n<td class=\"et5\">6,63\u2033<\/td>\n<td class=\"et5\">168.3<\/td>\n<td class=\"et5\">16\u2033<\/td>\n<\/tr>\n<tr style=\"height: 18.00pt;\">\n<td class=\"et6\" style=\"height: 18.00pt;\" height=\"36\">3\u2033<\/td>\n<td class=\"et6\">3,5\u2033<\/td>\n<td class=\"et6\">88.9<\/td>\n<td class=\"et6\">4\u2033<\/td>\n<td class=\"et2\"><\/td>\n<td class=\"et6\">6\u2033<\/td>\n<td class=\"et6\">6,63\u2033<\/td>\n<td class=\"et6\">168.3<\/td>\n<td class=\"et6\">24\u2033<\/td>\n<\/tr>\n<tr style=\"height: 18.00pt;\">\n<td class=\"et5\" style=\"height: 18.00pt;\" height=\"36\">3\u2033<\/td>\n<td class=\"et5\">3,5\u2033<\/td>\n<td class=\"et5\">88.9<\/td>\n<td class=\"et5\">5\u2033<\/td>\n<td class=\"et2\"><\/td>\n<td class=\"et5\">8\u2033<\/td>\n<td class=\"et5\">8,63\u2033<\/td>\n<td class=\"et5\">219.1<\/td>\n<td class=\"et5\">4\u2033<\/td>\n<\/tr>\n<tr style=\"height: 18.00pt;\">\n<td class=\"et6\" style=\"height: 18.00pt;\" height=\"36\">3\u2033<\/td>\n<td class=\"et6\">3,5\u2033<\/td>\n<td class=\"et6\">88.9<\/td>\n<td class=\"et6\">7\u2033<\/td>\n<td class=\"et2\"><\/td>\n<td class=\"et6\">8\u2033<\/td>\n<td class=\"et6\">8,63\u2033<\/td>\n<td class=\"et6\">219.1<\/td>\n<td class=\"et6\">12\u2033<\/td>\n<\/tr>\n<tr style=\"height: 18.00pt;\">\n<td class=\"et5\" style=\"height: 18.00pt;\" height=\"36\">3\u2033<\/td>\n<td class=\"et5\">3,5\u2033<\/td>\n<td class=\"et5\">88.9<\/td>\n<td class=\"et5\">12\u2033<\/td>\n<td class=\"et2\"><\/td>\n<td class=\"et5\">8\u2033<\/td>\n<td class=\"et5\">8,63\u2033<\/td>\n<td class=\"et5\">219.1<\/td>\n<td class=\"et5\">16\u2033<\/td>\n<\/tr>\n<tr style=\"height: 18.00pt;\">\n<td class=\"et6\" style=\"height: 18.00pt;\" height=\"36\">3\u2033<\/td>\n<td class=\"et6\">3,5\u2033<\/td>\n<td class=\"et6\">88.9<\/td>\n<td class=\"et6\">16\u2033<\/td>\n<td class=\"et2\"><\/td>\n<td class=\"et6\">8\u2033<\/td>\n<td class=\"et6\">8,63\u2033<\/td>\n<td class=\"et6\">219.1<\/td>\n<td class=\"et6\">24\u2033<\/td>\n<\/tr>\n<tr style=\"height: 18.00pt;\">\n<td class=\"et5\" style=\"height: 18.00pt;\" height=\"36\">3\u2033<\/td>\n<td class=\"et5\">3,5\u2033<\/td>\n<td class=\"et5\">88.9<\/td>\n<td class=\"et5\">24\u2033<\/td>\n<td class=\"et2\"><\/td>\n<td class=\"et5\">10\u2033<\/td>\n<td class=\"et5\">10,75\u2033<\/td>\n<td class=\"et5\">273<\/td>\n<td class=\"et5\">4\u2033<\/td>\n<\/tr>\n<tr style=\"height: 18.00pt;\">\n<td class=\"et6\" style=\"height: 18.00pt;\" height=\"36\">4\u2033<\/td>\n<td class=\"et6\">4,5\u2033<\/td>\n<td class=\"et6\">114.3<\/td>\n<td class=\"et6\">4\u2033<\/td>\n<td class=\"et2\"><\/td>\n<td class=\"et6\">10\u2033<\/td>\n<td class=\"et6\">10,75\u2033<\/td>\n<td class=\"et6\">273<\/td>\n<td class=\"et6\">12\u2033<\/td>\n<\/tr>\n<tr style=\"height: 18.00pt;\">\n<td class=\"et5\" style=\"height: 18.00pt;\" height=\"36\">4\u2033<\/td>\n<td class=\"et5\">4,5\u2033<\/td>\n<td class=\"et5\">114.3<\/td>\n<td class=\"et5\">5\u2033<\/td>\n<td class=\"et2\"><\/td>\n<td class=\"et5\">10\u2033<\/td>\n<td class=\"et5\">10,75\u2033<\/td>\n<td class=\"et5\">273<\/td>\n<td class=\"et5\">16\u2033<\/td>\n<\/tr>\n<tr style=\"height: 18.00pt;\">\n<td class=\"et6\" style=\"height: 18.00pt;\" height=\"36\">4\u2033<\/td>\n<td class=\"et6\">4,5\u2033<\/td>\n<td class=\"et6\">114.3<\/td>\n<td class=\"et6\">7\u2033<\/td>\n<td class=\"et2\"><\/td>\n<td class=\"et6\">12\u2033<\/td>\n<td class=\"et6\">12,75\u2033<\/td>\n<td class=\"et6\">323.9<\/td>\n<td class=\"et6\">4\u2033<\/td>\n<\/tr>\n<tr style=\"height: 18.00pt;\">\n<td class=\"et6\" style=\"height: 18.00pt;\" height=\"36\">4\u2033<\/td>\n<td class=\"et6\">4,5\u2033<\/td>\n<td class=\"et6\">114.3<\/td>\n<td class=\"et6\">12\u2033<\/td>\n<td class=\"et2\"><\/td>\n<td class=\"et6\">12\u2033<\/td>\n<td class=\"et6\">12,75\u2033<\/td>\n<td class=\"et6\">323.9<\/td>\n<td class=\"et6\">16\u2033<\/td>\n<\/tr>\n<tr style=\"height: 18.00pt;\">\n<td class=\"et6\" style=\"height: 18.00pt;\" height=\"36\">4\u2033<\/td>\n<td class=\"et6\">4,5\u2033<\/td>\n<td class=\"et6\">114.3<\/td>\n<td class=\"et6\">16\u2033<\/td>\n<td class=\"et2\"><\/td>\n<td class=\"et6\">12\u2033<\/td>\n<td class=\"et6\">12,75\u2033<\/td>\n<td class=\"et6\">323.9<\/td>\n<td class=\"et6\">24\u2033<\/td>\n<\/tr>\n<\/tbody>\n<\/table>\n<p>&nbsp;<\/p>\n<p><img decoding=\"async\" class=\"wp-image-2969\" src=\"https:\/\/www.okval.com\/wp-content\/uploads\/2024\/03\/dresser-coupling-red.jpg\" alt=\"\" width=\"403\" height=\"403\" srcset=\"https:\/\/www.okval.com\/wp-content\/uploads\/2024\/03\/dresser-coupling-red.jpg 1000w, https:\/\/www.okval.com\/wp-content\/uploads\/2024\/03\/dresser-coupling-red-300x300.jpg 300w, https:\/\/www.okval.com\/wp-content\/uploads\/2024\/03\/dresser-coupling-red-150x150.jpg 150w, https:\/\/www.okval.com\/wp-content\/uploads\/2024\/03\/dresser-coupling-red-768x768.jpg 768w, https:\/\/www.okval.com\/wp-content\/uploads\/2024\/03\/dresser-coupling-red-12x12.jpg 12w, https:\/\/www.okval.com\/wp-content\/uploads\/2024\/03\/dresser-coupling-red-600x600.jpg 600w\" sizes=\"(max-width: 403px) 100vw, 403px\" \/><\/p>\n<p><strong>Installationsprozess der Coplue-Kommode:<\/strong><br \/>\nLegen Sie die Kupplung um die Rohrenden.<br \/>\nLegen Sie die Dichtungen zwischen die Folgeringe und das Rohr ein.<br \/>\nZiehen Sie die Schrauben fest, um die Dichtungen zusammenzudr\u00fccken und eine sichere Verbindung herzustellen.<br \/>\nDie elastischen Dichtungen erm\u00f6glichen Bewegungen und sorgen gleichzeitig f\u00fcr eine leckagefreie Verbindung.<br \/>\nFlexibilit\u00e4t: Dresser-Kupplungen gleichen Rohrbewegungen aufgrund von Temperatur\u00e4nderungen oder Bodensenkungen aus.<br \/>\nSchnelle Installation: Sie sind einfach zu installieren und sparen Zeit und Arbeit.<br \/>\nVibrationsd\u00e4mpfung: Die Dichtungen absorbieren starke Vibrationen und reduzieren so die Belastung der Rohre.<br \/>\nDenken Sie daran: Dresser-Kupplungen sind eine zuverl\u00e4ssige Wahl, wenn Sie eine flexible und effiziente Rohrverbindung ben\u00f6tigen!<\/p>","protected":false},"excerpt":{"rendered":"<p>Die Dresser-Kupplungen der Marke OKVAL werden zum Verbinden von Rohren mit glatten Enden verwendet. Die verschraubten H\u00fclsenkupplungen von OKVAL verf\u00fcgen \u00fcber H\u00fclsen, die \u00fcber die Rohrenden gleiten, an die sie angeschlossen werden sollen, und so eine dichte Verbindung zwischen den Rohren gew\u00e4hrleisten. Die Dresser-Kupplungen von OKVAL bieten flexible, dichte Verbindungen, die die gesamte Lebensdauer des angeschlossenen Rohrs \u00fcberdauern.<\/p>\n<p>&nbsp;<\/p>","protected":false},"featured_media":2430,"template":"","meta":[],"product_brand":[],"product_cat":[37,174],"product_tag":[303,304,305,306,243,307,297,308,298,309,299,310,300,301,302],"class_list":{"0":"post-2429","1":"product","2":"type-product","3":"status-publish","4":"has-post-thumbnail","6":"product_cat-pipe-joints","7":"product_cat-dresser-coupling","8":"product_tag-dresser-type-pipe-coupling","9":"product_tag-dresser-pipe-fittings","10":"product_tag-carbon-steel-pipe-coupling","11":"product_tag-dresser-coupling-repair","12":"product_tag-dresser-coupling","13":"product_tag-dresser-coupler-coupling","14":"product_tag-dresser-coupler","15":"product_tag-marine-industry","16":"product_tag-bolted-pipe-couplings","17":"product_tag-dresser-coupling-gasket","18":"product_tag-dresser-pipe-coupling","19":"product_tag-bolted-sleeve-coupling","20":"product_tag-dresser-joint","21":"product_tag-quick-coupler","22":"product_tag-style-38-dresser-coupling","24":"first","25":"instock","26":"shipping-taxable","27":"product-type-simple"},"aioseo_notices":[],"_links":{"self":[{"href":"https:\/\/www.okval.com\/de\/wp-json\/wp\/v2\/product\/2429","targetHints":{"allow":["GET"]}}],"collection":[{"href":"https:\/\/www.okval.com\/de\/wp-json\/wp\/v2\/product"}],"about":[{"href":"https:\/\/www.okval.com\/de\/wp-json\/wp\/v2\/types\/product"}],"wp:featuredmedia":[{"embeddable":true,"href":"https:\/\/www.okval.com\/de\/wp-json\/wp\/v2\/media\/2430"}],"wp:attachment":[{"href":"https:\/\/www.okval.com\/de\/wp-json\/wp\/v2\/media?parent=2429"}],"wp:term":[{"taxonomy":"product_brand","embeddable":true,"href":"https:\/\/www.okval.com\/de\/wp-json\/wp\/v2\/product_brand?post=2429"},{"taxonomy":"product_cat","embeddable":true,"href":"https:\/\/www.okval.com\/de\/wp-json\/wp\/v2\/product_cat?post=2429"},{"taxonomy":"product_tag","embeddable":true,"href":"https:\/\/www.okval.com\/de\/wp-json\/wp\/v2\/product_tag?post=2429"}],"curies":[{"name":"wp","href":"https:\/\/api.w.org\/{rel}","templated":true}]}}