{"id":2426,"date":"2024-03-27T10:11:17","date_gmt":"2024-03-27T02:11:17","guid":{"rendered":"https:\/\/www.okval.com\/?post_type=product&#038;p=2426"},"modified":"2024-04-09T13:38:45","modified_gmt":"2024-04-09T05:38:45","slug":"gibault-gelenke","status":"publish","type":"product","link":"https:\/\/www.okval.com\/de\/gibault-gelenke-html","title":{"rendered":"Gibault-Verbindung f\u00fcr PVC-Rohr mit O-Typ-Dichtung"},"content":{"rendered":"<p><meta name=\"keywords\" content=\"gibault\uff0cGibault joints \uff0cConnection Joints\uff0ccampana gibault\uff0cUnion Gibault copia\uff0cDismantling Joints,Ductile Iron Grooved Fittings,Fundici\u00f3n,brida,PVC Ductile Iron Pipe Fitting,Flexible Coupling,Flanged Adaptor,Dismantling Joint,GIBAULT JOINT,ISO 2531, EN 545\uff0cen598,rubber gaskets,BS 4772,AINSI \/AWWA C151,AWWA C104,pipe fittings,Gibault Joints,Union gibault,Uni\u00f3n Gibault ,mec\u00e1nica universal,Junta gibault,\u0e22\u0e35\u0e42\u0e1a\u0e25\u0e17\u0e4c,Pipe Repair Coupling,Joints gibault Adduction eau potable,Gibault joints for PVC pipe,Gibault joints for AC pipe,Gasket epdm O ring, A gasket,Gibault joints and couplings,EN545,ISO2531,Pipe joints\"><\/p>\n<div class=\"elementor-element elementor-element-ee2e42a elementor-widget elementor-widget-heading nitro-offscreen nitro-lazy-render\" data-id=\"ee2e42a\" data-element_type=\"widget\" data-widget_type=\"heading.default\">\n<div class=\"elementor-widget-container\">\n<p><strong>Merkmale<\/strong><\/p>\n<p style=\"padding-left: 40px;\">\u2022 Sph\u00e4roguss mit FBE-Beschichtung.<br \/>\n\u2022 Betriebsdruck PN10, PN16.<br \/>\n\u2022 Ausgestattet mit verzinkten Stahlschrauben und -muttern.<br \/>\n\u2022 O-Typ EPDM- oder NBR-Gummidichtungen<br \/>\n\u2022 Gr\u00f6\u00dfenbereich von 2\u2033 bis 12\u2033<\/p>\n<p><strong>Technische Parameter<\/strong><\/p>\n<p>1-Zeichnung<\/p>\n<p><img decoding=\"async\" title=\"Zeichnung des Gibault-Gelenks\" src=\"https:\/\/www.ametekiron.com\/Content\/uploads\/2020677727\/202009011725218110444feaaa4594a7672101e428ce6b.jpg\" \/><\/p>\n<p>2-Materialspezifikation<\/p>\n<div class=\"table-responsive\">\n<table class=\"table\" border=\"0\" width=\"100%\" cellspacing=\"0\" cellpadding=\"0\">\n<tbody>\n<tr class=\"firstRow\">\n<td valign=\"top\" width=\"142\">Artikelnr.<\/td>\n<td valign=\"top\" width=\"142\">Artikelname<\/td>\n<td valign=\"top\" width=\"142\">Material<\/td>\n<td valign=\"top\" width=\"142\">Spezifikation<\/td>\n<\/tr>\n<tr>\n<td valign=\"top\" width=\"142\">1<\/td>\n<td valign=\"top\" width=\"142\">\u00c4rmel<\/td>\n<td valign=\"top\" width=\"142\">Sph\u00e4roguss<\/td>\n<td valign=\"top\" width=\"142\">GGG50<\/td>\n<\/tr>\n<tr>\n<td valign=\"top\" width=\"142\">2<\/td>\n<td valign=\"top\" width=\"142\">Endring<\/td>\n<td valign=\"top\" width=\"142\">Sph\u00e4roguss<\/td>\n<td valign=\"top\" width=\"142\">GGG50<\/td>\n<\/tr>\n<tr>\n<td valign=\"top\" width=\"142\">3<\/td>\n<td valign=\"top\" width=\"142\">Dichtung<\/td>\n<td valign=\"top\" width=\"142\">Gummi<\/td>\n<td valign=\"top\" width=\"142\">EPDM<\/td>\n<\/tr>\n<tr>\n<td valign=\"top\" width=\"142\">4<\/td>\n<td valign=\"top\" width=\"142\">Bolzen<\/td>\n<td valign=\"top\" width=\"142\">Verzinkter Stahl<\/td>\n<td valign=\"top\" width=\"142\">ISO898-1:1999<\/td>\n<\/tr>\n<tr>\n<td valign=\"top\" width=\"142\">5<\/td>\n<td valign=\"top\" width=\"142\">Waschmaschine<\/td>\n<td valign=\"top\" width=\"142\">Verzinkter Stahl<\/td>\n<td valign=\"top\" width=\"142\"><\/td>\n<\/tr>\n<tr>\n<td valign=\"top\" width=\"142\">6<\/td>\n<td valign=\"top\" width=\"142\">Nuss<\/td>\n<td valign=\"top\" width=\"142\">Verzinkter Stahl<\/td>\n<td valign=\"top\" width=\"142\">ISO898-1:1992<\/td>\n<\/tr>\n<tr>\n<td valign=\"top\" width=\"142\">7<\/td>\n<td valign=\"top\" width=\"142\">Kappe<\/td>\n<td valign=\"top\" width=\"142\">Plastik<\/td>\n<td valign=\"top\" width=\"142\"><\/td>\n<\/tr>\n<\/tbody>\n<\/table>\n<\/div>\n<p>3-Abmessungen (mm)<\/p>\n<div class=\"table-responsive\">\n<table class=\"table\" border=\"0\" width=\"100%\" cellspacing=\"0\" cellpadding=\"0\">\n<tbody>\n<tr class=\"firstRow\">\n<td valign=\"top\" width=\"73\">Zoll<\/td>\n<td valign=\"top\" width=\"71\">DN<\/td>\n<td valign=\"top\" width=\"71\">OD<\/td>\n<td valign=\"top\" width=\"70\">L<\/td>\n<td valign=\"top\" width=\"70\">Bolzen Nr.<\/td>\n<td valign=\"top\" width=\"70\">Bolzen L<\/td>\n<\/tr>\n<tr>\n<td valign=\"top\" width=\"73\">2\u2033<\/td>\n<td valign=\"top\" width=\"71\">50<\/td>\n<td valign=\"top\" width=\"71\">63<\/td>\n<td valign=\"top\" width=\"70\">125<\/td>\n<td valign=\"top\" width=\"70\">2<\/td>\n<td valign=\"top\" width=\"70\">M12*180<\/td>\n<\/tr>\n<tr>\n<td valign=\"top\" width=\"73\">2-1\/2\u2033<\/td>\n<td valign=\"top\" width=\"71\">65<\/td>\n<td valign=\"top\" width=\"71\">75<\/td>\n<td valign=\"top\" width=\"70\">130<\/td>\n<td valign=\"top\" width=\"70\">2<\/td>\n<td valign=\"top\" width=\"70\">M12*180<\/td>\n<\/tr>\n<tr>\n<td valign=\"top\" width=\"73\">3\u2033<\/td>\n<td valign=\"top\" width=\"71\">80<\/td>\n<td valign=\"top\" width=\"71\">90<\/td>\n<td valign=\"top\" width=\"70\">130<\/td>\n<td valign=\"top\" width=\"70\">3<\/td>\n<td valign=\"top\" width=\"70\">M12*190<\/td>\n<\/tr>\n<tr>\n<td valign=\"top\" width=\"73\">4\u2033<\/td>\n<td valign=\"top\" width=\"71\">100<\/td>\n<td valign=\"top\" width=\"71\">110<\/td>\n<td valign=\"top\" width=\"70\">130<\/td>\n<td valign=\"top\" width=\"70\">3<\/td>\n<td valign=\"top\" width=\"70\">M12*210<\/td>\n<\/tr>\n<tr>\n<td valign=\"top\" width=\"73\">5\u2033<\/td>\n<td valign=\"top\" width=\"71\">125<\/td>\n<td valign=\"top\" width=\"71\">125<\/td>\n<td valign=\"top\" width=\"70\">150<\/td>\n<td valign=\"top\" width=\"70\">4<\/td>\n<td valign=\"top\" width=\"70\">M12*210<\/td>\n<\/tr>\n<tr>\n<td valign=\"top\" width=\"73\">5\u2033<\/td>\n<td valign=\"top\" width=\"71\">125<\/td>\n<td valign=\"top\" width=\"71\">140<\/td>\n<td valign=\"top\" width=\"70\">150<\/td>\n<td valign=\"top\" width=\"70\">4<\/td>\n<td valign=\"top\" width=\"70\">M12*210<\/td>\n<\/tr>\n<tr>\n<td valign=\"top\" width=\"73\">6\u2033<\/td>\n<td valign=\"top\" width=\"71\">150<\/td>\n<td valign=\"top\" width=\"71\">160<\/td>\n<td valign=\"top\" width=\"70\">150<\/td>\n<td valign=\"top\" width=\"70\">4<\/td>\n<td valign=\"top\" width=\"70\">M12*210<\/td>\n<\/tr>\n<tr>\n<td valign=\"top\" width=\"73\">6\u2033<\/td>\n<td valign=\"top\" width=\"71\">150<\/td>\n<td valign=\"top\" width=\"71\">180<\/td>\n<td valign=\"top\" width=\"70\">170<\/td>\n<td valign=\"top\" width=\"70\">4<\/td>\n<td valign=\"top\" width=\"70\">M12*240<\/td>\n<\/tr>\n<tr>\n<td valign=\"top\" width=\"73\">8\u2033<\/td>\n<td valign=\"top\" width=\"71\">200<\/td>\n<td valign=\"top\" width=\"71\">200<\/td>\n<td valign=\"top\" width=\"70\">180<\/td>\n<td valign=\"top\" width=\"70\">4<\/td>\n<td valign=\"top\" width=\"70\">M12*240<\/td>\n<\/tr>\n<tr>\n<td valign=\"top\" width=\"73\">8\u2033<\/td>\n<td valign=\"top\" width=\"71\">200<\/td>\n<td valign=\"top\" width=\"71\">225<\/td>\n<td valign=\"top\" width=\"70\">180<\/td>\n<td valign=\"top\" width=\"70\">4<\/td>\n<td valign=\"top\" width=\"70\">M12*250<\/td>\n<\/tr>\n<tr>\n<td valign=\"top\" width=\"73\">10\u2033<\/td>\n<td valign=\"top\" width=\"71\">250<\/td>\n<td valign=\"top\" width=\"71\">250<\/td>\n<td valign=\"top\" width=\"70\">180<\/td>\n<td valign=\"top\" width=\"70\">6<\/td>\n<td valign=\"top\" width=\"70\">M12*260<\/td>\n<\/tr>\n<tr>\n<td valign=\"top\" width=\"73\">10\u2033<\/td>\n<td valign=\"top\" width=\"71\">250<\/td>\n<td valign=\"top\" width=\"71\">280<\/td>\n<td valign=\"top\" width=\"70\">180<\/td>\n<td valign=\"top\" width=\"70\">6<\/td>\n<td valign=\"top\" width=\"70\">M12*260<\/td>\n<\/tr>\n<tr>\n<td valign=\"top\" width=\"73\">12\u2033<\/td>\n<td valign=\"top\" width=\"71\">300<\/td>\n<td valign=\"top\" width=\"71\">315<\/td>\n<td valign=\"top\" width=\"70\">180<\/td>\n<td valign=\"top\" width=\"70\">6<\/td>\n<td valign=\"top\" width=\"70\">M12*260<\/td>\n<\/tr>\n<\/tbody>\n<\/table>\n<\/div>\n<p>&nbsp;<\/p>\n<\/div>\n<\/div>","protected":false},"excerpt":{"rendered":"<p>Die Gibault-Verbindung ist speziell f\u00fcr das glatte Ende von PVC- und HDPE-Rohren konzipiert. Bei anderen Rohren wird sie \u00fcblicherweise als Kupplung bezeichnet, die zum Verbinden glatter Rohrenden verwendet wird. Im Vergleich zur Universalkupplung ist die Gibault-Verbindung speziell auf den Au\u00dfendurchmesser eines Rohres abgestimmt, sodass ihre Abmessungen genau auf den Au\u00dfendurchmesser des Rohres abgestimmt sind und das Anziehen sehr schnell und einfach ist. Die Dichtleistung ist sehr gut. Die Gibault-Verbindung h\u00e4lt h\u00f6heren Dr\u00fccken stand als eine\u00a0<a href=\"https:\/\/pipefittingandvalve.com\/flexible-pipe-coupling\/\" target=\"_blank\" rel=\"noopener\">Weitbereichskopplung<\/a>\u00a0von gleicher Gr\u00f6\u00dfe.<\/p>","protected":false},"featured_media":2723,"template":"","meta":[],"product_brand":[],"product_cat":[37,173],"product_tag":[244],"class_list":{"0":"post-2426","1":"product","2":"type-product","3":"status-publish","4":"has-post-thumbnail","6":"product_cat-pipe-joints","7":"product_cat-gibault-joints","8":"product_tag-gibault-joints","10":"first","11":"instock","12":"featured","13":"shipping-taxable","14":"product-type-simple"},"aioseo_notices":[],"_links":{"self":[{"href":"https:\/\/www.okval.com\/de\/wp-json\/wp\/v2\/product\/2426","targetHints":{"allow":["GET"]}}],"collection":[{"href":"https:\/\/www.okval.com\/de\/wp-json\/wp\/v2\/product"}],"about":[{"href":"https:\/\/www.okval.com\/de\/wp-json\/wp\/v2\/types\/product"}],"wp:featuredmedia":[{"embeddable":true,"href":"https:\/\/www.okval.com\/de\/wp-json\/wp\/v2\/media\/2723"}],"wp:attachment":[{"href":"https:\/\/www.okval.com\/de\/wp-json\/wp\/v2\/media?parent=2426"}],"wp:term":[{"taxonomy":"product_brand","embeddable":true,"href":"https:\/\/www.okval.com\/de\/wp-json\/wp\/v2\/product_brand?post=2426"},{"taxonomy":"product_cat","embeddable":true,"href":"https:\/\/www.okval.com\/de\/wp-json\/wp\/v2\/product_cat?post=2426"},{"taxonomy":"product_tag","embeddable":true,"href":"https:\/\/www.okval.com\/de\/wp-json\/wp\/v2\/product_tag?post=2426"}],"curies":[{"name":"wp","href":"https:\/\/api.w.org\/{rel}","templated":true}]}}