{"id":2174,"date":"2024-03-30T09:57:23","date_gmt":"2024-03-30T01:57:23","guid":{"rendered":"https:\/\/www.okval.com\/?post_type=product&#038;p=2174"},"modified":"2024-04-03T14:45:09","modified_gmt":"2024-04-03T06:45:09","slug":"kugelruckschlagventil","status":"publish","type":"product","link":"https:\/\/www.okval.com\/de\/kugelruckschlagventil-html","title":{"rendered":"Kugelr\u00fcckschlagventil"},"content":{"rendered":"<p class=\"p1\"><strong>Technische Daten<\/strong><\/p>\n<ul>\n<li class=\"p2\">Reichweite.<\/li>\n<li class=\"p2\">Gewindeenden von DN32 bis DN80.<\/li>\n<li class=\"p2\">Flanschenden von DN40 bis DN300.<\/li>\n<li class=\"p2\">Gewindetyp: BSP gem\u00e4\u00df ISO 228-1.<\/li>\n<li class=\"p2\">Flanschtyp: EN 1092-2 PN16 und AS4087 (AS2129 Talbe E).<\/li>\n<li class=\"p2\">Maximaler Arbeitsdruck 16 bar.<\/li>\n<li class=\"p2\">Betriebstemperaturen 10 \u00b0C bis 80 \u00b0C.<\/li>\n<li class=\"p2\">Sitzpl\u00e4tze gem\u00e4\u00df Kategorie A gem\u00e4\u00df ISO 5208.<\/li>\n<li class=\"p2\">Mindestgegendruck f\u00fcr Dichtheit: 0,3 bar bis 0,5 bar.<\/li>\n<li class=\"p2\">Baul\u00e4ngen f\u00fcr Flanschausf\u00fchrungen gem\u00e4\u00df EN-558-1 Reihe 48 (DIN3202 F6).<\/li>\n<\/ul>\n<p>&nbsp;<\/p>\n<p class=\"p1\"><strong>Anwendungen<\/strong><\/p>\n<p class=\"p2\">Pumpstationen f\u00fcr sauberes Wasser, Abwasser und belastete oder viskose Fl\u00fcssigkeiten.<\/p>\n<p>&nbsp;<\/p>\n<p class=\"p1\"><strong>Hydrauliktest<\/strong><\/p>\n<ul>\n<li class=\"p2\">Sitz: 1,1-facher Normaldruck.<\/li>\n<li class=\"p2\">K\u00f6rper: 1,5x Normaldruck<\/li>\n<\/ul>","protected":false},"excerpt":{"rendered":"<p class=\"p1\"><strong>Technische Leistungen<\/strong><\/p>\n<ul>\n<li class=\"p2\">Voller Durchgang gew\u00e4hrleistet.<\/li>\n<li class=\"p2\">Selbstreinigender Ball.<\/li>\n<li class=\"p2\">Geringer Druckabfall.<\/li>\n<li class=\"p2\">Still.<\/li>\n<li class=\"p2\">Abnehmbare Haube zum Reinigen oder Wechseln der Kugel ohne Demontage aus der Rohrleitung.<\/li>\n<li class=\"p2\">Horizontaler und vertikaler Einbau in die Rohrleitung.<\/li>\n<\/ul>","protected":false},"featured_media":2175,"template":"","meta":[],"product_brand":[],"product_cat":[159],"product_tag":[255,259],"class_list":{"0":"post-2174","1":"product","2":"type-product","3":"status-publish","4":"has-post-thumbnail","6":"product_cat-valves","7":"product_tag-valve","8":"product_tag-ball-check","10":"first","11":"instock","12":"shipping-taxable","13":"product-type-simple"},"aioseo_notices":[],"_links":{"self":[{"href":"https:\/\/www.okval.com\/de\/wp-json\/wp\/v2\/product\/2174","targetHints":{"allow":["GET"]}}],"collection":[{"href":"https:\/\/www.okval.com\/de\/wp-json\/wp\/v2\/product"}],"about":[{"href":"https:\/\/www.okval.com\/de\/wp-json\/wp\/v2\/types\/product"}],"wp:featuredmedia":[{"embeddable":true,"href":"https:\/\/www.okval.com\/de\/wp-json\/wp\/v2\/media\/2175"}],"wp:attachment":[{"href":"https:\/\/www.okval.com\/de\/wp-json\/wp\/v2\/media?parent=2174"}],"wp:term":[{"taxonomy":"product_brand","embeddable":true,"href":"https:\/\/www.okval.com\/de\/wp-json\/wp\/v2\/product_brand?post=2174"},{"taxonomy":"product_cat","embeddable":true,"href":"https:\/\/www.okval.com\/de\/wp-json\/wp\/v2\/product_cat?post=2174"},{"taxonomy":"product_tag","embeddable":true,"href":"https:\/\/www.okval.com\/de\/wp-json\/wp\/v2\/product_tag?post=2174"}],"curies":[{"name":"wp","href":"https:\/\/api.w.org\/{rel}","templated":true}]}}